{"id":6163,"date":"2025-10-17T21:27:13","date_gmt":"2025-10-17T19:27:13","guid":{"rendered":"https:\/\/www.msbdistribution.es\/?post_type=product&#038;p=6163"},"modified":"2026-04-22T12:35:48","modified_gmt":"2026-04-22T10:35:48","slug":"vivadiy","status":"publish","type":"product","link":"https:\/\/www.msbdistribution.es\/?product=vivadiy","title":{"rendered":"Tabla Vivadiy x Msb"},"content":{"rendered":"<p>Tablas en colaboraci\u00f3n con el colectivo Viva Diy y la comunidad Skate Park de Arenys de Munt, \u201cPrimer Skatepark de Espa\u00f1a, 1979\u201d que fue enterrado y que a lo largo del tiempo los propios skaters han estado desenterrado con sus propios medios.<\/p>\n<p>Actualmente se est\u00e1n reconstruyendo algunas partes y manteniendo otras para que este sitio tan importante no desaparezca.<\/p>\n<p>Todos los beneficios se donan \u00edntegramente a esta iniciativa liderada por Alberto Kastor de produce y Colabora.<\/p>\n<p>El dise\u00f1o de la mano de Eva Prat con la foto central del Snake, pista tipo americana en su momento de m\u00e1xima plenitud realizada por los skaters de esa \u00e9poca (Vilpoux), rescata tambi\u00e9n la imagen de las tablas de entonces de madera natural y con pegatinas retro, haciendo homenaje a \u201cCaribbean\u201d pioneros del skateboard en nuestro pa\u00eds.<br \/>\nTodo junto se convierte en una pieza \u00fanica que evoca toda una historia y una misma pasi\u00f3n, el monopat\u00edn y su cultura.<\/p>\n","protected":false},"excerpt":{"rendered":"<p>Tablas en colaboraci\u00f3n con el colectivo Viva Diy y la comunidad Skate Park de Arenys de Munt, \u201cPrimer Skatepark de Espa\u00f1a, 1979\u201d que fue enterrado y que a lo largo del tiempo los propios skaters han estado desenterrado con sus propios medios.<\/p>\n<p>Actualmente se est\u00e1n reconstruyendo algunas partes y manteniendo otras para que este sitio tan importante no desaparezca.<\/p>\n<p>Todos los beneficios se donan \u00edntegramente a esta iniciativa liderada por Alberto Kastor de produce y Colabora.<\/p>\n<p>El dise\u00f1o de la mano de Eva Prat con la foto central del Snake, pista tipo americana en su momento de m\u00e1xima plenitud realizada por los skaters de esa \u00e9poca (Vilpoux), rescata tambi\u00e9n la imagen de las tablas de entonces de madera natural y con pegatinas retro, haciendo homenaje a \u201cCaribbean\u201d pioneros del skateboard en nuestro pa\u00eds.<\/p>\n<p>Todo junto se convierte en una pieza \u00fanica que evoca toda una historia y una misma pasi\u00f3n, el monopat\u00edn y su cultura.<\/p>\n<p>&nbsp;<\/p>\n","protected":false},"featured_media":6167,"comment_status":"open","ping_status":"closed","template":"","meta":[],"product_brand":[239],"product_cat":[28],"product_tag":[],"class_list":{"0":"post-6163","1":"product","2":"type-product","3":"status-publish","4":"has-post-thumbnail","6":"product_brand-msb-skateboards","7":"product_cat-tablas-skateboard","8":"","9":"woocommerce-text-align-center","10":"woocommerce-image-align-center","11":"do-quantity-buttons","13":"first","14":"instock","15":"featured","16":"taxable","17":"shipping-taxable","18":"purchasable","19":"product-type-variable"},"yoast_head":"<!-- This site is optimized with the Yoast SEO plugin v27.5 - https:\/\/yoast.com\/product\/yoast-seo-wordpress\/ -->\n<title>Tabla Vivadiy x Msb | MSB DISTRIBUTION<\/title>\n<meta name=\"robots\" content=\"index, follow, max-snippet:-1, max-image-preview:large, max-video-preview:-1\" \/>\n<link rel=\"canonical\" href=\"https:\/\/www.msbdistribution.es\/?product=vivadiy\" \/>\n<meta property=\"og:locale\" content=\"es_ES\" \/>\n<meta property=\"og:type\" content=\"article\" \/>\n<meta property=\"og:title\" content=\"Tabla Vivadiy x Msb | MSB DISTRIBUTION\" \/>\n<meta property=\"og:description\" content=\"Tablas en colaboraci\u00f3n con el colectivo Viva Diy y la comunidad Skate Park de Arenys de Munt, \u201cPrimer Skatepark de Espa\u00f1a, 1979\u201d que fue enterrado y que a lo largo del tiempo los propios skaters han estado desenterrado con sus propios medios.  Actualmente se est\u00e1n reconstruyendo algunas partes y manteniendo otras para que este sitio tan importante no desaparezca.  Todos los beneficios se donan \u00edntegramente a esta iniciativa liderada por Alberto Kastor de produce y Colabora.  El dise\u00f1o de la mano de Eva Prat con la foto central del Snake, pista tipo americana en su momento de m\u00e1xima plenitud realizada por los skaters de esa \u00e9poca (Vilpoux), rescata tambi\u00e9n la imagen de las tablas de entonces de madera natural y con pegatinas retro, haciendo homenaje a \u201cCaribbean\u201d pioneros del skateboard en nuestro pa\u00eds.  Todo junto se convierte en una pieza \u00fanica que evoca toda una historia y una misma pasi\u00f3n, el monopat\u00edn y su cultura.  &nbsp;\" \/>\n<meta property=\"og:url\" content=\"https:\/\/www.msbdistribution.es\/?product=vivadiy\" \/>\n<meta property=\"og:site_name\" content=\"MSB DISTRIBUTION\" \/>\n<meta property=\"article:publisher\" content=\"https:\/\/www.facebook.com\/msbdist\" \/>\n<meta property=\"article:modified_time\" content=\"2026-04-22T10:35:48+00:00\" \/>\n<meta property=\"og:image\" content=\"https:\/\/www.msbdistribution.es\/wp-content\/uploads\/2025\/10\/Vivadiy-final.jpg\" \/>\n\t<meta property=\"og:image:width\" content=\"900\" \/>\n\t<meta property=\"og:image:height\" content=\"900\" \/>\n\t<meta property=\"og:image:type\" content=\"image\/jpeg\" \/>\n<meta name=\"twitter:card\" content=\"summary_large_image\" \/>\n<meta name=\"twitter:label1\" content=\"Tiempo de lectura\" \/>\n\t<meta name=\"twitter:data1\" content=\"1 minuto\" \/>\n<script type=\"application\/ld+json\" class=\"yoast-schema-graph\">{\"@context\":\"https:\\\/\\\/schema.org\",\"@graph\":[{\"@type\":\"WebPage\",\"@id\":\"https:\\\/\\\/www.msbdistribution.es\\\/?product=vivadiy\",\"url\":\"https:\\\/\\\/www.msbdistribution.es\\\/?product=vivadiy\",\"name\":\"Tabla Vivadiy x Msb | MSB DISTRIBUTION\",\"isPartOf\":{\"@id\":\"https:\\\/\\\/www.msbdistribution.es\\\/#website\"},\"primaryImageOfPage\":{\"@id\":\"https:\\\/\\\/www.msbdistribution.es\\\/?product=vivadiy#primaryimage\"},\"image\":{\"@id\":\"https:\\\/\\\/www.msbdistribution.es\\\/?product=vivadiy#primaryimage\"},\"thumbnailUrl\":\"https:\\\/\\\/www.msbdistribution.es\\\/wp-content\\\/uploads\\\/2025\\\/10\\\/Vivadiy-final.jpg\",\"datePublished\":\"2025-10-17T19:27:13+00:00\",\"dateModified\":\"2026-04-22T10:35:48+00:00\",\"breadcrumb\":{\"@id\":\"https:\\\/\\\/www.msbdistribution.es\\\/?product=vivadiy#breadcrumb\"},\"inLanguage\":\"es\",\"potentialAction\":[{\"@type\":\"ReadAction\",\"target\":[\"https:\\\/\\\/www.msbdistribution.es\\\/?product=vivadiy\"]}]},{\"@type\":\"ImageObject\",\"inLanguage\":\"es\",\"@id\":\"https:\\\/\\\/www.msbdistribution.es\\\/?product=vivadiy#primaryimage\",\"url\":\"https:\\\/\\\/www.msbdistribution.es\\\/wp-content\\\/uploads\\\/2025\\\/10\\\/Vivadiy-final.jpg\",\"contentUrl\":\"https:\\\/\\\/www.msbdistribution.es\\\/wp-content\\\/uploads\\\/2025\\\/10\\\/Vivadiy-final.jpg\",\"width\":900,\"height\":900},{\"@type\":\"BreadcrumbList\",\"@id\":\"https:\\\/\\\/www.msbdistribution.es\\\/?product=vivadiy#breadcrumb\",\"itemListElement\":[{\"@type\":\"ListItem\",\"position\":1,\"name\":\"Portada\",\"item\":\"https:\\\/\\\/www.msbdistribution.es\\\/\"},{\"@type\":\"ListItem\",\"position\":2,\"name\":\"Tienda\",\"item\":\"https:\\\/\\\/www.msbdistribution.es\\\/?page_id=2643\"},{\"@type\":\"ListItem\",\"position\":3,\"name\":\"Tabla Vivadiy x Msb\"}]},{\"@type\":\"WebSite\",\"@id\":\"https:\\\/\\\/www.msbdistribution.es\\\/#website\",\"url\":\"https:\\\/\\\/www.msbdistribution.es\\\/\",\"name\":\"Msb Distribution\",\"description\":\"we are skaters\",\"publisher\":{\"@id\":\"https:\\\/\\\/www.msbdistribution.es\\\/#organization\"},\"potentialAction\":[{\"@type\":\"SearchAction\",\"target\":{\"@type\":\"EntryPoint\",\"urlTemplate\":\"https:\\\/\\\/www.msbdistribution.es\\\/?s={search_term_string}\"},\"query-input\":{\"@type\":\"PropertyValueSpecification\",\"valueRequired\":true,\"valueName\":\"search_term_string\"}}],\"inLanguage\":\"es\"},{\"@type\":\"Organization\",\"@id\":\"https:\\\/\\\/www.msbdistribution.es\\\/#organization\",\"name\":\"Msb Distribution\",\"alternateName\":\"Msb Distribution\",\"url\":\"https:\\\/\\\/www.msbdistribution.es\\\/\",\"logo\":{\"@type\":\"ImageObject\",\"inLanguage\":\"es\",\"@id\":\"https:\\\/\\\/www.msbdistribution.es\\\/#\\\/schema\\\/logo\\\/image\\\/\",\"url\":\"https:\\\/\\\/www.msbdistribution.es\\\/wp-content\\\/uploads\\\/2021\\\/11\\\/NEW-LOGO-MSB-RGB.png\",\"contentUrl\":\"https:\\\/\\\/www.msbdistribution.es\\\/wp-content\\\/uploads\\\/2021\\\/11\\\/NEW-LOGO-MSB-RGB.png\",\"width\":2024,\"height\":2024,\"caption\":\"Msb Distribution\"},\"image\":{\"@id\":\"https:\\\/\\\/www.msbdistribution.es\\\/#\\\/schema\\\/logo\\\/image\\\/\"},\"sameAs\":[\"https:\\\/\\\/www.facebook.com\\\/msbdist\",\"https:\\\/\\\/www.instagram.com\\\/msbdistribution\\\/\"]}]}<\/script>\n<!-- \/ Yoast SEO plugin. -->","yoast_head_json":{"title":"Tabla Vivadiy x Msb | MSB DISTRIBUTION","robots":{"index":"index","follow":"follow","max-snippet":"max-snippet:-1","max-image-preview":"max-image-preview:large","max-video-preview":"max-video-preview:-1"},"canonical":"https:\/\/www.msbdistribution.es\/?product=vivadiy","og_locale":"es_ES","og_type":"article","og_title":"Tabla Vivadiy x Msb | MSB DISTRIBUTION","og_description":"Tablas en colaboraci\u00f3n con el colectivo Viva Diy y la comunidad Skate Park de Arenys de Munt, \u201cPrimer Skatepark de Espa\u00f1a, 1979\u201d que fue enterrado y que a lo largo del tiempo los propios skaters han estado desenterrado con sus propios medios.  Actualmente se est\u00e1n reconstruyendo algunas partes y manteniendo otras para que este sitio tan importante no desaparezca.  Todos los beneficios se donan \u00edntegramente a esta iniciativa liderada por Alberto Kastor de produce y Colabora.  El dise\u00f1o de la mano de Eva Prat con la foto central del Snake, pista tipo americana en su momento de m\u00e1xima plenitud realizada por los skaters de esa \u00e9poca (Vilpoux), rescata tambi\u00e9n la imagen de las tablas de entonces de madera natural y con pegatinas retro, haciendo homenaje a \u201cCaribbean\u201d pioneros del skateboard en nuestro pa\u00eds.  Todo junto se convierte en una pieza \u00fanica que evoca toda una historia y una misma pasi\u00f3n, el monopat\u00edn y su cultura.  &nbsp;","og_url":"https:\/\/www.msbdistribution.es\/?product=vivadiy","og_site_name":"MSB DISTRIBUTION","article_publisher":"https:\/\/www.facebook.com\/msbdist","article_modified_time":"2026-04-22T10:35:48+00:00","og_image":[{"width":900,"height":900,"url":"https:\/\/www.msbdistribution.es\/wp-content\/uploads\/2025\/10\/Vivadiy-final.jpg","type":"image\/jpeg"}],"twitter_card":"summary_large_image","twitter_misc":{"Tiempo de lectura":"1 minuto"},"schema":{"@context":"https:\/\/schema.org","@graph":[{"@type":"WebPage","@id":"https:\/\/www.msbdistribution.es\/?product=vivadiy","url":"https:\/\/www.msbdistribution.es\/?product=vivadiy","name":"Tabla Vivadiy x Msb | MSB DISTRIBUTION","isPartOf":{"@id":"https:\/\/www.msbdistribution.es\/#website"},"primaryImageOfPage":{"@id":"https:\/\/www.msbdistribution.es\/?product=vivadiy#primaryimage"},"image":{"@id":"https:\/\/www.msbdistribution.es\/?product=vivadiy#primaryimage"},"thumbnailUrl":"https:\/\/www.msbdistribution.es\/wp-content\/uploads\/2025\/10\/Vivadiy-final.jpg","datePublished":"2025-10-17T19:27:13+00:00","dateModified":"2026-04-22T10:35:48+00:00","breadcrumb":{"@id":"https:\/\/www.msbdistribution.es\/?product=vivadiy#breadcrumb"},"inLanguage":"es","potentialAction":[{"@type":"ReadAction","target":["https:\/\/www.msbdistribution.es\/?product=vivadiy"]}]},{"@type":"ImageObject","inLanguage":"es","@id":"https:\/\/www.msbdistribution.es\/?product=vivadiy#primaryimage","url":"https:\/\/www.msbdistribution.es\/wp-content\/uploads\/2025\/10\/Vivadiy-final.jpg","contentUrl":"https:\/\/www.msbdistribution.es\/wp-content\/uploads\/2025\/10\/Vivadiy-final.jpg","width":900,"height":900},{"@type":"BreadcrumbList","@id":"https:\/\/www.msbdistribution.es\/?product=vivadiy#breadcrumb","itemListElement":[{"@type":"ListItem","position":1,"name":"Portada","item":"https:\/\/www.msbdistribution.es\/"},{"@type":"ListItem","position":2,"name":"Tienda","item":"https:\/\/www.msbdistribution.es\/?page_id=2643"},{"@type":"ListItem","position":3,"name":"Tabla Vivadiy x Msb"}]},{"@type":"WebSite","@id":"https:\/\/www.msbdistribution.es\/#website","url":"https:\/\/www.msbdistribution.es\/","name":"Msb Distribution","description":"we are skaters","publisher":{"@id":"https:\/\/www.msbdistribution.es\/#organization"},"potentialAction":[{"@type":"SearchAction","target":{"@type":"EntryPoint","urlTemplate":"https:\/\/www.msbdistribution.es\/?s={search_term_string}"},"query-input":{"@type":"PropertyValueSpecification","valueRequired":true,"valueName":"search_term_string"}}],"inLanguage":"es"},{"@type":"Organization","@id":"https:\/\/www.msbdistribution.es\/#organization","name":"Msb Distribution","alternateName":"Msb Distribution","url":"https:\/\/www.msbdistribution.es\/","logo":{"@type":"ImageObject","inLanguage":"es","@id":"https:\/\/www.msbdistribution.es\/#\/schema\/logo\/image\/","url":"https:\/\/www.msbdistribution.es\/wp-content\/uploads\/2021\/11\/NEW-LOGO-MSB-RGB.png","contentUrl":"https:\/\/www.msbdistribution.es\/wp-content\/uploads\/2021\/11\/NEW-LOGO-MSB-RGB.png","width":2024,"height":2024,"caption":"Msb Distribution"},"image":{"@id":"https:\/\/www.msbdistribution.es\/#\/schema\/logo\/image\/"},"sameAs":["https:\/\/www.facebook.com\/msbdist","https:\/\/www.instagram.com\/msbdistribution\/"]}]}},"_links":{"self":[{"href":"https:\/\/www.msbdistribution.es\/index.php?rest_route=\/wp\/v2\/product\/6163","targetHints":{"allow":["GET"]}}],"collection":[{"href":"https:\/\/www.msbdistribution.es\/index.php?rest_route=\/wp\/v2\/product"}],"about":[{"href":"https:\/\/www.msbdistribution.es\/index.php?rest_route=\/wp\/v2\/types\/product"}],"replies":[{"embeddable":true,"href":"https:\/\/www.msbdistribution.es\/index.php?rest_route=%2Fwp%2Fv2%2Fcomments&post=6163"}],"wp:featuredmedia":[{"embeddable":true,"href":"https:\/\/www.msbdistribution.es\/index.php?rest_route=\/wp\/v2\/media\/6167"}],"wp:attachment":[{"href":"https:\/\/www.msbdistribution.es\/index.php?rest_route=%2Fwp%2Fv2%2Fmedia&parent=6163"}],"wp:term":[{"taxonomy":"product_brand","embeddable":true,"href":"https:\/\/www.msbdistribution.es\/index.php?rest_route=%2Fwp%2Fv2%2Fproduct_brand&post=6163"},{"taxonomy":"product_cat","embeddable":true,"href":"https:\/\/www.msbdistribution.es\/index.php?rest_route=%2Fwp%2Fv2%2Fproduct_cat&post=6163"},{"taxonomy":"product_tag","embeddable":true,"href":"https:\/\/www.msbdistribution.es\/index.php?rest_route=%2Fwp%2Fv2%2Fproduct_tag&post=6163"}],"curies":[{"name":"wp","href":"https:\/\/api.w.org\/{rel}","templated":true}]}}