{"id":5571,"date":"2020-04-15T16:09:38","date_gmt":"2020-04-15T14:09:38","guid":{"rendered":"https:\/\/www.msbdistribution.es\/skateshop\/custom-skateboards\/"},"modified":"2025-11-05T15:13:41","modified_gmt":"2025-11-05T14:13:41","slug":"custom-skateboards","status":"publish","type":"product","link":"https:\/\/www.msbdistribution.es\/?product=custom-skateboards&lang=en","title":{"rendered":"Custom skateboard"},"content":{"rendered":"","protected":false},"excerpt":{"rendered":"<p>\u00bfTe gustar\u00eda tener<strong> tu propia tabla de skate<\/strong> con el dise\u00f1o que m\u00e1s te gusta? \u00bfHas so\u00f1ado alguna vez tener tu propio promodel? En MSB hacemos realidad tus sue\u00f1os, as\u00ed que empieza ya a dise\u00f1ar tu skateboard! Download:<span style=\"color: #ff0000;\"> <strong><a style=\"color: #ff0000;\" href=\"https:\/\/www.msbdistribution.es\/graficos\/\">TEMPLATE<\/a><\/strong><\/span><\/p>\n<p><img decoding=\"async\" class=\"alignnone wp-image-5565\" src=\"https:\/\/www.msbdistribution.es\/wp-content\/uploads\/2020\/04\/canada-300x300.png\" alt=\"\" width=\"31\" height=\"31\" srcset=\"https:\/\/www.msbdistribution.es\/wp-content\/uploads\/2020\/04\/canada-300x300.png 300w, https:\/\/www.msbdistribution.es\/wp-content\/uploads\/2020\/04\/canada-150x150.png 150w, https:\/\/www.msbdistribution.es\/wp-content\/uploads\/2020\/04\/canada-100x100.png 100w, https:\/\/www.msbdistribution.es\/wp-content\/uploads\/2020\/04\/canada.png 512w\" sizes=\"(max-width: 31px) 100vw, 31px\" \/> Hard Rock maple canadiense.<\/p>\n<p><img decoding=\"async\" class=\"alignnone wp-image-5567\" src=\"https:\/\/www.msbdistribution.es\/wp-content\/uploads\/2020\/04\/hd-720-300x300.png\" alt=\"\" width=\"26\" height=\"26\" srcset=\"https:\/\/www.msbdistribution.es\/wp-content\/uploads\/2020\/04\/hd-720-300x300.png 300w, https:\/\/www.msbdistribution.es\/wp-content\/uploads\/2020\/04\/hd-720-150x150.png 150w, https:\/\/www.msbdistribution.es\/wp-content\/uploads\/2020\/04\/hd-720-100x100.png 100w, https:\/\/www.msbdistribution.es\/wp-content\/uploads\/2020\/04\/hd-720.png 512w\" sizes=\"(max-width: 26px) 100vw, 26px\" \/> Dise\u00f1o en impresi\u00f3n digital laser.<\/p>\n<p><img decoding=\"async\" class=\"alignnone wp-image-5569\" src=\"https:\/\/www.msbdistribution.es\/wp-content\/uploads\/2020\/04\/dinero-300x300.png\" alt=\"\" width=\"35\" height=\"35\" srcset=\"https:\/\/www.msbdistribution.es\/wp-content\/uploads\/2020\/04\/dinero-300x300.png 300w, https:\/\/www.msbdistribution.es\/wp-content\/uploads\/2020\/04\/dinero-150x150.png 150w, https:\/\/www.msbdistribution.es\/wp-content\/uploads\/2020\/04\/dinero-100x100.png 100w, https:\/\/www.msbdistribution.es\/wp-content\/uploads\/2020\/04\/dinero.png 512w\" sizes=\"(max-width: 35px) 100vw, 35px\" \/> Lija incluida.<\/p>\n","protected":false},"featured_media":5564,"comment_status":"open","ping_status":"closed","template":"","meta":[],"product_brand":[],"product_cat":[287],"product_tag":[],"class_list":{"0":"post-5571","1":"product","2":"type-product","3":"status-publish","4":"has-post-thumbnail","6":"product_cat-skateboard-decks","7":"","8":"woocommerce-text-align-center","9":"woocommerce-image-align-center","10":"do-quantity-buttons","12":"first","13":"instock","14":"taxable","15":"shipping-taxable","16":"purchasable","17":"product-type-variable"},"yoast_head":"<!-- This site is optimized with the Yoast SEO plugin v27.4 - https:\/\/yoast.com\/product\/yoast-seo-wordpress\/ -->\n<title>Custom skateboard | MSB DISTRIBUTION<\/title>\n<meta name=\"robots\" content=\"index, follow, max-snippet:-1, max-image-preview:large, max-video-preview:-1\" \/>\n<link rel=\"canonical\" href=\"https:\/\/www.msbdistribution.es\/?product=custom-skateboards\" \/>\n<meta property=\"og:locale\" content=\"es_ES\" \/>\n<meta property=\"og:type\" content=\"article\" \/>\n<meta property=\"og:title\" content=\"Custom skateboard | MSB DISTRIBUTION\" \/>\n<meta property=\"og:description\" content=\"\u00bfTe gustar\u00eda tener tu propia tabla de skate con el dise\u00f1o que m\u00e1s te gusta? \u00bfHas so\u00f1ado alguna vez tener tu propio promodel? En MSB hacemos realidad tus sue\u00f1os, as\u00ed que empieza ya a dise\u00f1ar tu skateboard! Download: TEMPLATE  Hard Rock maple canadiense.  Dise\u00f1o en impresi\u00f3n digital laser.  Lija incluida.\" \/>\n<meta property=\"og:url\" content=\"https:\/\/www.msbdistribution.es\/?product=custom-skateboards&amp;lang=en\" \/>\n<meta property=\"og:site_name\" content=\"MSB DISTRIBUTION\" \/>\n<meta property=\"article:publisher\" content=\"https:\/\/www.facebook.com\/msbdist\" \/>\n<meta property=\"article:modified_time\" content=\"2025-11-05T14:13:41+00:00\" \/>\n<meta property=\"og:image\" content=\"https:\/\/www.msbdistribution.es\/wp-content\/uploads\/2020\/04\/tabla-personalizada-free-shipping.jpg\" \/>\n\t<meta property=\"og:image:width\" content=\"900\" \/>\n\t<meta property=\"og:image:height\" content=\"900\" \/>\n\t<meta property=\"og:image:type\" content=\"image\/jpeg\" \/>\n<meta name=\"twitter:card\" content=\"summary_large_image\" \/>\n<script type=\"application\/ld+json\" class=\"yoast-schema-graph\">{\"@context\":\"https:\\\/\\\/schema.org\",\"@graph\":[{\"@type\":\"WebPage\",\"@id\":\"https:\\\/\\\/www.msbdistribution.es\\\/?product=custom-skateboards&lang=en\",\"url\":\"https:\\\/\\\/www.msbdistribution.es\\\/?product=custom-skateboards&lang=en\",\"name\":\"Custom skateboard | MSB DISTRIBUTION\",\"isPartOf\":{\"@id\":\"https:\\\/\\\/www.msbdistribution.es\\\/#website\"},\"primaryImageOfPage\":{\"@id\":\"https:\\\/\\\/www.msbdistribution.es\\\/?product=custom-skateboards&lang=en#primaryimage\"},\"image\":{\"@id\":\"https:\\\/\\\/www.msbdistribution.es\\\/?product=custom-skateboards&lang=en#primaryimage\"},\"thumbnailUrl\":\"https:\\\/\\\/www.msbdistribution.es\\\/wp-content\\\/uploads\\\/2020\\\/04\\\/tabla-personalizada-free-shipping.jpg\",\"datePublished\":\"2020-04-15T14:09:38+00:00\",\"dateModified\":\"2025-11-05T14:13:41+00:00\",\"breadcrumb\":{\"@id\":\"https:\\\/\\\/www.msbdistribution.es\\\/?product=custom-skateboards&lang=en#breadcrumb\"},\"inLanguage\":\"es\",\"potentialAction\":[{\"@type\":\"ReadAction\",\"target\":[\"https:\\\/\\\/www.msbdistribution.es\\\/?product=custom-skateboards&lang=en\"]}]},{\"@type\":\"ImageObject\",\"inLanguage\":\"es\",\"@id\":\"https:\\\/\\\/www.msbdistribution.es\\\/?product=custom-skateboards&lang=en#primaryimage\",\"url\":\"https:\\\/\\\/www.msbdistribution.es\\\/wp-content\\\/uploads\\\/2020\\\/04\\\/tabla-personalizada-free-shipping.jpg\",\"contentUrl\":\"https:\\\/\\\/www.msbdistribution.es\\\/wp-content\\\/uploads\\\/2020\\\/04\\\/tabla-personalizada-free-shipping.jpg\",\"width\":900,\"height\":900},{\"@type\":\"BreadcrumbList\",\"@id\":\"https:\\\/\\\/www.msbdistribution.es\\\/?product=custom-skateboards&lang=en#breadcrumb\",\"itemListElement\":[{\"@type\":\"ListItem\",\"position\":1,\"name\":\"Portada\",\"item\":\"https:\\\/\\\/www.msbdistribution.es\\\/\"},{\"@type\":\"ListItem\",\"position\":2,\"name\":\"Tienda\",\"item\":\"https:\\\/\\\/www.msbdistribution.es\\\/?page_id=2643\"},{\"@type\":\"ListItem\",\"position\":3,\"name\":\"Custom skateboard\"}]},{\"@type\":\"WebSite\",\"@id\":\"https:\\\/\\\/www.msbdistribution.es\\\/#website\",\"url\":\"https:\\\/\\\/www.msbdistribution.es\\\/\",\"name\":\"Msb Distribution\",\"description\":\"we are skaters\",\"publisher\":{\"@id\":\"https:\\\/\\\/www.msbdistribution.es\\\/#organization\"},\"potentialAction\":[{\"@type\":\"SearchAction\",\"target\":{\"@type\":\"EntryPoint\",\"urlTemplate\":\"https:\\\/\\\/www.msbdistribution.es\\\/?s={search_term_string}\"},\"query-input\":{\"@type\":\"PropertyValueSpecification\",\"valueRequired\":true,\"valueName\":\"search_term_string\"}}],\"inLanguage\":\"es\"},{\"@type\":\"Organization\",\"@id\":\"https:\\\/\\\/www.msbdistribution.es\\\/#organization\",\"name\":\"Msb Distribution\",\"alternateName\":\"Msb Distribution\",\"url\":\"https:\\\/\\\/www.msbdistribution.es\\\/\",\"logo\":{\"@type\":\"ImageObject\",\"inLanguage\":\"es\",\"@id\":\"https:\\\/\\\/www.msbdistribution.es\\\/#\\\/schema\\\/logo\\\/image\\\/\",\"url\":\"https:\\\/\\\/www.msbdistribution.es\\\/wp-content\\\/uploads\\\/2021\\\/11\\\/NEW-LOGO-MSB-RGB.png\",\"contentUrl\":\"https:\\\/\\\/www.msbdistribution.es\\\/wp-content\\\/uploads\\\/2021\\\/11\\\/NEW-LOGO-MSB-RGB.png\",\"width\":2024,\"height\":2024,\"caption\":\"Msb Distribution\"},\"image\":{\"@id\":\"https:\\\/\\\/www.msbdistribution.es\\\/#\\\/schema\\\/logo\\\/image\\\/\"},\"sameAs\":[\"https:\\\/\\\/www.facebook.com\\\/msbdist\",\"https:\\\/\\\/www.instagram.com\\\/msbdistribution\\\/\"]}]}<\/script>\n<!-- \/ Yoast SEO plugin. -->","yoast_head_json":{"title":"Custom skateboard | MSB DISTRIBUTION","robots":{"index":"index","follow":"follow","max-snippet":"max-snippet:-1","max-image-preview":"max-image-preview:large","max-video-preview":"max-video-preview:-1"},"canonical":"https:\/\/www.msbdistribution.es\/?product=custom-skateboards","og_locale":"es_ES","og_type":"article","og_title":"Custom skateboard | MSB DISTRIBUTION","og_description":"\u00bfTe gustar\u00eda tener tu propia tabla de skate con el dise\u00f1o que m\u00e1s te gusta? \u00bfHas so\u00f1ado alguna vez tener tu propio promodel? En MSB hacemos realidad tus sue\u00f1os, as\u00ed que empieza ya a dise\u00f1ar tu skateboard! Download: TEMPLATE  Hard Rock maple canadiense.  Dise\u00f1o en impresi\u00f3n digital laser.  Lija incluida.","og_url":"https:\/\/www.msbdistribution.es\/?product=custom-skateboards&lang=en","og_site_name":"MSB DISTRIBUTION","article_publisher":"https:\/\/www.facebook.com\/msbdist","article_modified_time":"2025-11-05T14:13:41+00:00","og_image":[{"width":900,"height":900,"url":"https:\/\/www.msbdistribution.es\/wp-content\/uploads\/2020\/04\/tabla-personalizada-free-shipping.jpg","type":"image\/jpeg"}],"twitter_card":"summary_large_image","schema":{"@context":"https:\/\/schema.org","@graph":[{"@type":"WebPage","@id":"https:\/\/www.msbdistribution.es\/?product=custom-skateboards&lang=en","url":"https:\/\/www.msbdistribution.es\/?product=custom-skateboards&lang=en","name":"Custom skateboard | MSB DISTRIBUTION","isPartOf":{"@id":"https:\/\/www.msbdistribution.es\/#website"},"primaryImageOfPage":{"@id":"https:\/\/www.msbdistribution.es\/?product=custom-skateboards&lang=en#primaryimage"},"image":{"@id":"https:\/\/www.msbdistribution.es\/?product=custom-skateboards&lang=en#primaryimage"},"thumbnailUrl":"https:\/\/www.msbdistribution.es\/wp-content\/uploads\/2020\/04\/tabla-personalizada-free-shipping.jpg","datePublished":"2020-04-15T14:09:38+00:00","dateModified":"2025-11-05T14:13:41+00:00","breadcrumb":{"@id":"https:\/\/www.msbdistribution.es\/?product=custom-skateboards&lang=en#breadcrumb"},"inLanguage":"es","potentialAction":[{"@type":"ReadAction","target":["https:\/\/www.msbdistribution.es\/?product=custom-skateboards&lang=en"]}]},{"@type":"ImageObject","inLanguage":"es","@id":"https:\/\/www.msbdistribution.es\/?product=custom-skateboards&lang=en#primaryimage","url":"https:\/\/www.msbdistribution.es\/wp-content\/uploads\/2020\/04\/tabla-personalizada-free-shipping.jpg","contentUrl":"https:\/\/www.msbdistribution.es\/wp-content\/uploads\/2020\/04\/tabla-personalizada-free-shipping.jpg","width":900,"height":900},{"@type":"BreadcrumbList","@id":"https:\/\/www.msbdistribution.es\/?product=custom-skateboards&lang=en#breadcrumb","itemListElement":[{"@type":"ListItem","position":1,"name":"Portada","item":"https:\/\/www.msbdistribution.es\/"},{"@type":"ListItem","position":2,"name":"Tienda","item":"https:\/\/www.msbdistribution.es\/?page_id=2643"},{"@type":"ListItem","position":3,"name":"Custom skateboard"}]},{"@type":"WebSite","@id":"https:\/\/www.msbdistribution.es\/#website","url":"https:\/\/www.msbdistribution.es\/","name":"Msb Distribution","description":"we are skaters","publisher":{"@id":"https:\/\/www.msbdistribution.es\/#organization"},"potentialAction":[{"@type":"SearchAction","target":{"@type":"EntryPoint","urlTemplate":"https:\/\/www.msbdistribution.es\/?s={search_term_string}"},"query-input":{"@type":"PropertyValueSpecification","valueRequired":true,"valueName":"search_term_string"}}],"inLanguage":"es"},{"@type":"Organization","@id":"https:\/\/www.msbdistribution.es\/#organization","name":"Msb Distribution","alternateName":"Msb Distribution","url":"https:\/\/www.msbdistribution.es\/","logo":{"@type":"ImageObject","inLanguage":"es","@id":"https:\/\/www.msbdistribution.es\/#\/schema\/logo\/image\/","url":"https:\/\/www.msbdistribution.es\/wp-content\/uploads\/2021\/11\/NEW-LOGO-MSB-RGB.png","contentUrl":"https:\/\/www.msbdistribution.es\/wp-content\/uploads\/2021\/11\/NEW-LOGO-MSB-RGB.png","width":2024,"height":2024,"caption":"Msb Distribution"},"image":{"@id":"https:\/\/www.msbdistribution.es\/#\/schema\/logo\/image\/"},"sameAs":["https:\/\/www.facebook.com\/msbdist","https:\/\/www.instagram.com\/msbdistribution\/"]}]}},"_links":{"self":[{"href":"https:\/\/www.msbdistribution.es\/index.php?rest_route=\/wp\/v2\/product\/5571","targetHints":{"allow":["GET"]}}],"collection":[{"href":"https:\/\/www.msbdistribution.es\/index.php?rest_route=\/wp\/v2\/product"}],"about":[{"href":"https:\/\/www.msbdistribution.es\/index.php?rest_route=\/wp\/v2\/types\/product"}],"replies":[{"embeddable":true,"href":"https:\/\/www.msbdistribution.es\/index.php?rest_route=%2Fwp%2Fv2%2Fcomments&post=5571"}],"wp:featuredmedia":[{"embeddable":true,"href":"https:\/\/www.msbdistribution.es\/index.php?rest_route=\/wp\/v2\/media\/5564"}],"wp:attachment":[{"href":"https:\/\/www.msbdistribution.es\/index.php?rest_route=%2Fwp%2Fv2%2Fmedia&parent=5571"}],"wp:term":[{"taxonomy":"product_brand","embeddable":true,"href":"https:\/\/www.msbdistribution.es\/index.php?rest_route=%2Fwp%2Fv2%2Fproduct_brand&post=5571"},{"taxonomy":"product_cat","embeddable":true,"href":"https:\/\/www.msbdistribution.es\/index.php?rest_route=%2Fwp%2Fv2%2Fproduct_cat&post=5571"},{"taxonomy":"product_tag","embeddable":true,"href":"https:\/\/www.msbdistribution.es\/index.php?rest_route=%2Fwp%2Fv2%2Fproduct_tag&post=5571"}],"curies":[{"name":"wp","href":"https:\/\/api.w.org\/{rel}","templated":true}]}}