{"id":4757,"date":"2023-06-20T17:25:06","date_gmt":"2023-06-20T15:25:06","guid":{"rendered":"https:\/\/www.msbdistribution.es\/?post_type=product&#038;p=4757"},"modified":"2026-02-05T12:01:23","modified_gmt":"2026-02-05T11:01:23","slug":"shape-t2","status":"publish","type":"product","link":"https:\/\/www.msbdistribution.es\/?product=shape-t2","title":{"rendered":"Shape T2"},"content":{"rendered":"<p>La forma de pez de los a\u00f1os 80 que tu t\u00edo todav\u00eda conserva en un rinc\u00f3n de su garaje.<\/p>\n<p>&nbsp;<\/p>\n<p>&nbsp;<\/p>\n","protected":false},"excerpt":{"rendered":"<p>La forma de pez de los a\u00f1os 80 que tu t\u00edo todav\u00eda conserva en un rinc\u00f3n de su garaje.<\/p>\n<p>Size: 9.25&#8243; x 32.125&#8243;<\/p>\n<p>Wheelbase: 14.25&#8243;<\/p>\n<p>Nose: 6&#8243;<\/p>\n<p>Tail: 6.625&#8243;<\/p>\n","protected":false},"featured_media":4758,"comment_status":"open","ping_status":"closed","template":"","meta":[],"product_brand":[],"product_cat":[184],"product_tag":[],"class_list":{"0":"post-4757","1":"product","2":"type-product","3":"status-publish","4":"has-post-thumbnail","6":"product_cat-old-school","7":"","8":"woocommerce-text-align-center","9":"woocommerce-image-align-center","10":"do-quantity-buttons","12":"first","13":"outofstock","14":"taxable","15":"shipping-taxable","16":"purchasable","17":"product-type-simple"},"yoast_head":"<!-- This site is optimized with the Yoast SEO plugin v27.4 - https:\/\/yoast.com\/product\/yoast-seo-wordpress\/ -->\n<title>Shape T2 | MSB DISTRIBUTION<\/title>\n<meta name=\"robots\" content=\"index, follow, max-snippet:-1, max-image-preview:large, max-video-preview:-1\" \/>\n<link rel=\"canonical\" href=\"https:\/\/www.msbdistribution.es\/?product=shape-t2\" \/>\n<meta property=\"og:locale\" content=\"es_ES\" \/>\n<meta property=\"og:type\" content=\"article\" \/>\n<meta property=\"og:title\" content=\"Shape T2 | MSB DISTRIBUTION\" \/>\n<meta property=\"og:description\" content=\"La forma de pez de los a\u00f1os 80 que tu t\u00edo todav\u00eda conserva en un rinc\u00f3n de su garaje.  Size: 9.25&quot; x 32.125&quot;  Wheelbase: 14.25&quot;  Nose: 6&quot;  Tail: 6.625&quot;\" \/>\n<meta property=\"og:url\" content=\"https:\/\/www.msbdistribution.es\/?product=shape-t2\" \/>\n<meta property=\"og:site_name\" content=\"MSB DISTRIBUTION\" \/>\n<meta property=\"article:publisher\" content=\"https:\/\/www.facebook.com\/msbdist\" \/>\n<meta property=\"article:modified_time\" content=\"2026-02-05T11:01:23+00:00\" \/>\n<meta property=\"og:image\" content=\"https:\/\/www.msbdistribution.es\/wp-content\/uploads\/2023\/06\/T2.jpg\" \/>\n\t<meta property=\"og:image:width\" content=\"900\" \/>\n\t<meta property=\"og:image:height\" content=\"900\" \/>\n\t<meta property=\"og:image:type\" content=\"image\/jpeg\" \/>\n<meta name=\"twitter:card\" content=\"summary_large_image\" \/>\n<meta name=\"twitter:label1\" content=\"Tiempo de lectura\" \/>\n\t<meta name=\"twitter:data1\" content=\"1 minuto\" \/>\n<script type=\"application\/ld+json\" class=\"yoast-schema-graph\">{\"@context\":\"https:\\\/\\\/schema.org\",\"@graph\":[{\"@type\":\"WebPage\",\"@id\":\"https:\\\/\\\/www.msbdistribution.es\\\/?product=shape-t2\",\"url\":\"https:\\\/\\\/www.msbdistribution.es\\\/?product=shape-t2\",\"name\":\"Shape T2 | MSB DISTRIBUTION\",\"isPartOf\":{\"@id\":\"https:\\\/\\\/www.msbdistribution.es\\\/#website\"},\"primaryImageOfPage\":{\"@id\":\"https:\\\/\\\/www.msbdistribution.es\\\/?product=shape-t2#primaryimage\"},\"image\":{\"@id\":\"https:\\\/\\\/www.msbdistribution.es\\\/?product=shape-t2#primaryimage\"},\"thumbnailUrl\":\"https:\\\/\\\/www.msbdistribution.es\\\/wp-content\\\/uploads\\\/2023\\\/06\\\/T2.jpg\",\"datePublished\":\"2023-06-20T15:25:06+00:00\",\"dateModified\":\"2026-02-05T11:01:23+00:00\",\"breadcrumb\":{\"@id\":\"https:\\\/\\\/www.msbdistribution.es\\\/?product=shape-t2#breadcrumb\"},\"inLanguage\":\"es\",\"potentialAction\":[{\"@type\":\"ReadAction\",\"target\":[\"https:\\\/\\\/www.msbdistribution.es\\\/?product=shape-t2\"]}]},{\"@type\":\"ImageObject\",\"inLanguage\":\"es\",\"@id\":\"https:\\\/\\\/www.msbdistribution.es\\\/?product=shape-t2#primaryimage\",\"url\":\"https:\\\/\\\/www.msbdistribution.es\\\/wp-content\\\/uploads\\\/2023\\\/06\\\/T2.jpg\",\"contentUrl\":\"https:\\\/\\\/www.msbdistribution.es\\\/wp-content\\\/uploads\\\/2023\\\/06\\\/T2.jpg\",\"width\":900,\"height\":900},{\"@type\":\"BreadcrumbList\",\"@id\":\"https:\\\/\\\/www.msbdistribution.es\\\/?product=shape-t2#breadcrumb\",\"itemListElement\":[{\"@type\":\"ListItem\",\"position\":1,\"name\":\"Portada\",\"item\":\"https:\\\/\\\/www.msbdistribution.es\\\/\"},{\"@type\":\"ListItem\",\"position\":2,\"name\":\"Tienda\",\"item\":\"https:\\\/\\\/www.msbdistribution.es\\\/?page_id=2643\"},{\"@type\":\"ListItem\",\"position\":3,\"name\":\"Shape T2\"}]},{\"@type\":\"WebSite\",\"@id\":\"https:\\\/\\\/www.msbdistribution.es\\\/#website\",\"url\":\"https:\\\/\\\/www.msbdistribution.es\\\/\",\"name\":\"Msb Distribution\",\"description\":\"we are skaters\",\"publisher\":{\"@id\":\"https:\\\/\\\/www.msbdistribution.es\\\/#organization\"},\"potentialAction\":[{\"@type\":\"SearchAction\",\"target\":{\"@type\":\"EntryPoint\",\"urlTemplate\":\"https:\\\/\\\/www.msbdistribution.es\\\/?s={search_term_string}\"},\"query-input\":{\"@type\":\"PropertyValueSpecification\",\"valueRequired\":true,\"valueName\":\"search_term_string\"}}],\"inLanguage\":\"es\"},{\"@type\":\"Organization\",\"@id\":\"https:\\\/\\\/www.msbdistribution.es\\\/#organization\",\"name\":\"Msb Distribution\",\"alternateName\":\"Msb Distribution\",\"url\":\"https:\\\/\\\/www.msbdistribution.es\\\/\",\"logo\":{\"@type\":\"ImageObject\",\"inLanguage\":\"es\",\"@id\":\"https:\\\/\\\/www.msbdistribution.es\\\/#\\\/schema\\\/logo\\\/image\\\/\",\"url\":\"https:\\\/\\\/www.msbdistribution.es\\\/wp-content\\\/uploads\\\/2021\\\/11\\\/NEW-LOGO-MSB-RGB.png\",\"contentUrl\":\"https:\\\/\\\/www.msbdistribution.es\\\/wp-content\\\/uploads\\\/2021\\\/11\\\/NEW-LOGO-MSB-RGB.png\",\"width\":2024,\"height\":2024,\"caption\":\"Msb Distribution\"},\"image\":{\"@id\":\"https:\\\/\\\/www.msbdistribution.es\\\/#\\\/schema\\\/logo\\\/image\\\/\"},\"sameAs\":[\"https:\\\/\\\/www.facebook.com\\\/msbdist\",\"https:\\\/\\\/www.instagram.com\\\/msbdistribution\\\/\"]}]}<\/script>\n<!-- \/ Yoast SEO plugin. -->","yoast_head_json":{"title":"Shape T2 | MSB DISTRIBUTION","robots":{"index":"index","follow":"follow","max-snippet":"max-snippet:-1","max-image-preview":"max-image-preview:large","max-video-preview":"max-video-preview:-1"},"canonical":"https:\/\/www.msbdistribution.es\/?product=shape-t2","og_locale":"es_ES","og_type":"article","og_title":"Shape T2 | MSB DISTRIBUTION","og_description":"La forma de pez de los a\u00f1os 80 que tu t\u00edo todav\u00eda conserva en un rinc\u00f3n de su garaje.  Size: 9.25\" x 32.125\"  Wheelbase: 14.25\"  Nose: 6\"  Tail: 6.625\"","og_url":"https:\/\/www.msbdistribution.es\/?product=shape-t2","og_site_name":"MSB DISTRIBUTION","article_publisher":"https:\/\/www.facebook.com\/msbdist","article_modified_time":"2026-02-05T11:01:23+00:00","og_image":[{"width":900,"height":900,"url":"https:\/\/www.msbdistribution.es\/wp-content\/uploads\/2023\/06\/T2.jpg","type":"image\/jpeg"}],"twitter_card":"summary_large_image","twitter_misc":{"Tiempo de lectura":"1 minuto"},"schema":{"@context":"https:\/\/schema.org","@graph":[{"@type":"WebPage","@id":"https:\/\/www.msbdistribution.es\/?product=shape-t2","url":"https:\/\/www.msbdistribution.es\/?product=shape-t2","name":"Shape T2 | MSB DISTRIBUTION","isPartOf":{"@id":"https:\/\/www.msbdistribution.es\/#website"},"primaryImageOfPage":{"@id":"https:\/\/www.msbdistribution.es\/?product=shape-t2#primaryimage"},"image":{"@id":"https:\/\/www.msbdistribution.es\/?product=shape-t2#primaryimage"},"thumbnailUrl":"https:\/\/www.msbdistribution.es\/wp-content\/uploads\/2023\/06\/T2.jpg","datePublished":"2023-06-20T15:25:06+00:00","dateModified":"2026-02-05T11:01:23+00:00","breadcrumb":{"@id":"https:\/\/www.msbdistribution.es\/?product=shape-t2#breadcrumb"},"inLanguage":"es","potentialAction":[{"@type":"ReadAction","target":["https:\/\/www.msbdistribution.es\/?product=shape-t2"]}]},{"@type":"ImageObject","inLanguage":"es","@id":"https:\/\/www.msbdistribution.es\/?product=shape-t2#primaryimage","url":"https:\/\/www.msbdistribution.es\/wp-content\/uploads\/2023\/06\/T2.jpg","contentUrl":"https:\/\/www.msbdistribution.es\/wp-content\/uploads\/2023\/06\/T2.jpg","width":900,"height":900},{"@type":"BreadcrumbList","@id":"https:\/\/www.msbdistribution.es\/?product=shape-t2#breadcrumb","itemListElement":[{"@type":"ListItem","position":1,"name":"Portada","item":"https:\/\/www.msbdistribution.es\/"},{"@type":"ListItem","position":2,"name":"Tienda","item":"https:\/\/www.msbdistribution.es\/?page_id=2643"},{"@type":"ListItem","position":3,"name":"Shape T2"}]},{"@type":"WebSite","@id":"https:\/\/www.msbdistribution.es\/#website","url":"https:\/\/www.msbdistribution.es\/","name":"Msb Distribution","description":"we are skaters","publisher":{"@id":"https:\/\/www.msbdistribution.es\/#organization"},"potentialAction":[{"@type":"SearchAction","target":{"@type":"EntryPoint","urlTemplate":"https:\/\/www.msbdistribution.es\/?s={search_term_string}"},"query-input":{"@type":"PropertyValueSpecification","valueRequired":true,"valueName":"search_term_string"}}],"inLanguage":"es"},{"@type":"Organization","@id":"https:\/\/www.msbdistribution.es\/#organization","name":"Msb Distribution","alternateName":"Msb Distribution","url":"https:\/\/www.msbdistribution.es\/","logo":{"@type":"ImageObject","inLanguage":"es","@id":"https:\/\/www.msbdistribution.es\/#\/schema\/logo\/image\/","url":"https:\/\/www.msbdistribution.es\/wp-content\/uploads\/2021\/11\/NEW-LOGO-MSB-RGB.png","contentUrl":"https:\/\/www.msbdistribution.es\/wp-content\/uploads\/2021\/11\/NEW-LOGO-MSB-RGB.png","width":2024,"height":2024,"caption":"Msb Distribution"},"image":{"@id":"https:\/\/www.msbdistribution.es\/#\/schema\/logo\/image\/"},"sameAs":["https:\/\/www.facebook.com\/msbdist","https:\/\/www.instagram.com\/msbdistribution\/"]}]}},"_links":{"self":[{"href":"https:\/\/www.msbdistribution.es\/index.php?rest_route=\/wp\/v2\/product\/4757","targetHints":{"allow":["GET"]}}],"collection":[{"href":"https:\/\/www.msbdistribution.es\/index.php?rest_route=\/wp\/v2\/product"}],"about":[{"href":"https:\/\/www.msbdistribution.es\/index.php?rest_route=\/wp\/v2\/types\/product"}],"replies":[{"embeddable":true,"href":"https:\/\/www.msbdistribution.es\/index.php?rest_route=%2Fwp%2Fv2%2Fcomments&post=4757"}],"wp:featuredmedia":[{"embeddable":true,"href":"https:\/\/www.msbdistribution.es\/index.php?rest_route=\/wp\/v2\/media\/4758"}],"wp:attachment":[{"href":"https:\/\/www.msbdistribution.es\/index.php?rest_route=%2Fwp%2Fv2%2Fmedia&parent=4757"}],"wp:term":[{"taxonomy":"product_brand","embeddable":true,"href":"https:\/\/www.msbdistribution.es\/index.php?rest_route=%2Fwp%2Fv2%2Fproduct_brand&post=4757"},{"taxonomy":"product_cat","embeddable":true,"href":"https:\/\/www.msbdistribution.es\/index.php?rest_route=%2Fwp%2Fv2%2Fproduct_cat&post=4757"},{"taxonomy":"product_tag","embeddable":true,"href":"https:\/\/www.msbdistribution.es\/index.php?rest_route=%2Fwp%2Fv2%2Fproduct_tag&post=4757"}],"curies":[{"name":"wp","href":"https:\/\/api.w.org\/{rel}","templated":true}]}}