{"id":3929,"date":"2022-07-27T12:35:14","date_gmt":"2022-07-27T10:35:14","guid":{"rendered":"https:\/\/www.msbdistribution.es\/?post_type=product&#038;p=3929"},"modified":"2025-11-05T09:06:54","modified_gmt":"2025-11-05T08:06:54","slug":"haze-wheels-lurk-54mm-85a","status":"publish","type":"product","link":"https:\/\/www.msbdistribution.es\/?product=haze-wheels-lurk-54mm-85a","title":{"rendered":"Haze Wheels Lurk 56mm 85A"},"content":{"rendered":"<p>\u00a1Las<strong> ruedas Haze Wheels Lurk 56 mm<\/strong> est\u00e1n on fire! Haze Wheels fue fundada por Bertrand Soubrier en 2010 siguiendo su marca anterior \u00abTravel Wheels\u00bb. La marca es 100% independiente, hecha por skaters para skaters, sin mucho dinero, sin grandes almacenes, sin secretaria, pero con mucha pasi\u00f3n y ganas de hacer las cosas como se supone que deben ser.<\/p>\n<p>&nbsp;<\/p>\n","protected":false},"excerpt":{"rendered":"<p>Ruedas Haze Lurk (Amarillo\/ Blanco) 56 mm 85 A<\/p>\n<p>Di\u00e1metro: 48 mm<br \/>\nAncho: 56 mm<br \/>\nShape: Classic Standard<br \/>\nDureza: 85 A<\/p>\n<p>Estilo de skate: Street, bowl, rails.<br \/>\nVers\u00e0til, alta resist\u00e8ncia en \u00abflatspots\u00bb.<\/p>\n<p><a href=\"http:\/\/www.basementhill.com\/\" target=\"_blank\" rel=\"noopener\"><img decoding=\"async\" class=\"alignnone wp-image-3926 size-thumbnail\" src=\"https:\/\/www.msbdistribution.es\/wp-content\/uploads\/2022\/07\/logo-used-150x150.jpg\" alt=\"\" width=\"150\" height=\"150\" srcset=\"https:\/\/www.msbdistribution.es\/wp-content\/uploads\/2022\/07\/logo-used-150x150.jpg 150w, https:\/\/www.msbdistribution.es\/wp-content\/uploads\/2022\/07\/logo-used-300x300.jpg 300w, https:\/\/www.msbdistribution.es\/wp-content\/uploads\/2022\/07\/logo-used-100x100.jpg 100w, https:\/\/www.msbdistribution.es\/wp-content\/uploads\/2022\/07\/logo-used.jpg 500w\" sizes=\"(max-width: 150px) 100vw, 150px\" \/><\/a><\/p>\n","protected":false},"featured_media":3953,"comment_status":"open","ping_status":"closed","template":"","meta":[],"product_brand":[291],"product_cat":[289],"product_tag":[],"class_list":{"0":"post-3929","1":"product","2":"type-product","3":"status-publish","4":"has-post-thumbnail","6":"product_brand-haze","7":"product_cat-ruedas","8":"","9":"woocommerce-text-align-center","10":"woocommerce-image-align-center","11":"do-quantity-buttons","13":"first","14":"instock","15":"taxable","16":"shipping-taxable","17":"purchasable","18":"product-type-variable"},"yoast_head":"<!-- This site is optimized with the Yoast SEO plugin v27.4 - https:\/\/yoast.com\/product\/yoast-seo-wordpress\/ -->\n<title>Haze Wheels Lurk 56mm 85A | MSB DISTRIBUTION<\/title>\n<meta name=\"robots\" content=\"index, follow, max-snippet:-1, max-image-preview:large, max-video-preview:-1\" \/>\n<link rel=\"canonical\" href=\"https:\/\/www.msbdistribution.es\/?product=haze-wheels-lurk-54mm-85a\" \/>\n<meta property=\"og:locale\" content=\"es_ES\" \/>\n<meta property=\"og:type\" content=\"article\" \/>\n<meta property=\"og:title\" content=\"Ruedas CRIM 56mm\" \/>\n<meta property=\"og:description\" content=\"Ruedas Haze Lurk (Amarillo\/ Blanco) 56 mm 85 A  Di\u00e1metro: 48 mm Ancho: 56 mm Shape: Classic Standard Dureza: 85 A  Estilo de skate: Street, bowl, rails. Vers\u00e0til, alta resist\u00e8ncia en &quot;flatspots&quot;.\" \/>\n<meta property=\"og:url\" content=\"https:\/\/www.msbdistribution.es\/?product=haze-wheels-lurk-54mm-85a\" \/>\n<meta property=\"og:site_name\" content=\"MSB DISTRIBUTION\" \/>\n<meta property=\"article:publisher\" content=\"https:\/\/www.facebook.com\/msbdist\" \/>\n<meta property=\"article:modified_time\" content=\"2025-11-05T08:06:54+00:00\" \/>\n<meta property=\"og:image\" content=\"https:\/\/www.msbdistribution.es\/wp-content\/uploads\/2022\/07\/2489-medium_default.jpg\" \/>\n\t<meta property=\"og:image:width\" content=\"452\" \/>\n\t<meta property=\"og:image:height\" content=\"452\" \/>\n\t<meta property=\"og:image:type\" content=\"image\/jpeg\" \/>\n<meta name=\"twitter:card\" content=\"summary_large_image\" \/>\n<meta name=\"twitter:title\" content=\"Ruedas CRIM 56mm\" \/>\n<meta name=\"twitter:label1\" content=\"Tiempo de lectura\" \/>\n\t<meta name=\"twitter:data1\" content=\"1 minuto\" \/>\n<script type=\"application\/ld+json\" class=\"yoast-schema-graph\">{\"@context\":\"https:\\\/\\\/schema.org\",\"@graph\":[{\"@type\":\"WebPage\",\"@id\":\"https:\\\/\\\/www.msbdistribution.es\\\/?product=haze-wheels-lurk-54mm-85a\",\"url\":\"https:\\\/\\\/www.msbdistribution.es\\\/?product=haze-wheels-lurk-54mm-85a\",\"name\":\"Haze Wheels Lurk 56mm 85A | MSB DISTRIBUTION\",\"isPartOf\":{\"@id\":\"https:\\\/\\\/www.msbdistribution.es\\\/#website\"},\"primaryImageOfPage\":{\"@id\":\"https:\\\/\\\/www.msbdistribution.es\\\/?product=haze-wheels-lurk-54mm-85a#primaryimage\"},\"image\":{\"@id\":\"https:\\\/\\\/www.msbdistribution.es\\\/?product=haze-wheels-lurk-54mm-85a#primaryimage\"},\"thumbnailUrl\":\"https:\\\/\\\/www.msbdistribution.es\\\/wp-content\\\/uploads\\\/2022\\\/07\\\/2489-medium_default.jpg\",\"datePublished\":\"2022-07-27T10:35:14+00:00\",\"dateModified\":\"2025-11-05T08:06:54+00:00\",\"breadcrumb\":{\"@id\":\"https:\\\/\\\/www.msbdistribution.es\\\/?product=haze-wheels-lurk-54mm-85a#breadcrumb\"},\"inLanguage\":\"es\",\"potentialAction\":[{\"@type\":\"ReadAction\",\"target\":[\"https:\\\/\\\/www.msbdistribution.es\\\/?product=haze-wheels-lurk-54mm-85a\"]}]},{\"@type\":\"ImageObject\",\"inLanguage\":\"es\",\"@id\":\"https:\\\/\\\/www.msbdistribution.es\\\/?product=haze-wheels-lurk-54mm-85a#primaryimage\",\"url\":\"https:\\\/\\\/www.msbdistribution.es\\\/wp-content\\\/uploads\\\/2022\\\/07\\\/2489-medium_default.jpg\",\"contentUrl\":\"https:\\\/\\\/www.msbdistribution.es\\\/wp-content\\\/uploads\\\/2022\\\/07\\\/2489-medium_default.jpg\",\"width\":452,\"height\":452},{\"@type\":\"BreadcrumbList\",\"@id\":\"https:\\\/\\\/www.msbdistribution.es\\\/?product=haze-wheels-lurk-54mm-85a#breadcrumb\",\"itemListElement\":[{\"@type\":\"ListItem\",\"position\":1,\"name\":\"Portada\",\"item\":\"https:\\\/\\\/www.msbdistribution.es\\\/\"},{\"@type\":\"ListItem\",\"position\":2,\"name\":\"Tienda\",\"item\":\"https:\\\/\\\/www.msbdistribution.es\\\/?page_id=2643\"},{\"@type\":\"ListItem\",\"position\":3,\"name\":\"Haze Wheels Lurk 56mm 85A\"}]},{\"@type\":\"WebSite\",\"@id\":\"https:\\\/\\\/www.msbdistribution.es\\\/#website\",\"url\":\"https:\\\/\\\/www.msbdistribution.es\\\/\",\"name\":\"Msb Distribution\",\"description\":\"we are skaters\",\"publisher\":{\"@id\":\"https:\\\/\\\/www.msbdistribution.es\\\/#organization\"},\"potentialAction\":[{\"@type\":\"SearchAction\",\"target\":{\"@type\":\"EntryPoint\",\"urlTemplate\":\"https:\\\/\\\/www.msbdistribution.es\\\/?s={search_term_string}\"},\"query-input\":{\"@type\":\"PropertyValueSpecification\",\"valueRequired\":true,\"valueName\":\"search_term_string\"}}],\"inLanguage\":\"es\"},{\"@type\":\"Organization\",\"@id\":\"https:\\\/\\\/www.msbdistribution.es\\\/#organization\",\"name\":\"Msb Distribution\",\"alternateName\":\"Msb Distribution\",\"url\":\"https:\\\/\\\/www.msbdistribution.es\\\/\",\"logo\":{\"@type\":\"ImageObject\",\"inLanguage\":\"es\",\"@id\":\"https:\\\/\\\/www.msbdistribution.es\\\/#\\\/schema\\\/logo\\\/image\\\/\",\"url\":\"https:\\\/\\\/www.msbdistribution.es\\\/wp-content\\\/uploads\\\/2021\\\/11\\\/NEW-LOGO-MSB-RGB.png\",\"contentUrl\":\"https:\\\/\\\/www.msbdistribution.es\\\/wp-content\\\/uploads\\\/2021\\\/11\\\/NEW-LOGO-MSB-RGB.png\",\"width\":2024,\"height\":2024,\"caption\":\"Msb Distribution\"},\"image\":{\"@id\":\"https:\\\/\\\/www.msbdistribution.es\\\/#\\\/schema\\\/logo\\\/image\\\/\"},\"sameAs\":[\"https:\\\/\\\/www.facebook.com\\\/msbdist\",\"https:\\\/\\\/www.instagram.com\\\/msbdistribution\\\/\"]}]}<\/script>\n<!-- \/ Yoast SEO plugin. -->","yoast_head_json":{"title":"Haze Wheels Lurk 56mm 85A | MSB DISTRIBUTION","robots":{"index":"index","follow":"follow","max-snippet":"max-snippet:-1","max-image-preview":"max-image-preview:large","max-video-preview":"max-video-preview:-1"},"canonical":"https:\/\/www.msbdistribution.es\/?product=haze-wheels-lurk-54mm-85a","og_locale":"es_ES","og_type":"article","og_title":"Ruedas CRIM 56mm","og_description":"Ruedas Haze Lurk (Amarillo\/ Blanco) 56 mm 85 A  Di\u00e1metro: 48 mm Ancho: 56 mm Shape: Classic Standard Dureza: 85 A  Estilo de skate: Street, bowl, rails. Vers\u00e0til, alta resist\u00e8ncia en \"flatspots\".","og_url":"https:\/\/www.msbdistribution.es\/?product=haze-wheels-lurk-54mm-85a","og_site_name":"MSB DISTRIBUTION","article_publisher":"https:\/\/www.facebook.com\/msbdist","article_modified_time":"2025-11-05T08:06:54+00:00","og_image":[{"width":452,"height":452,"url":"https:\/\/www.msbdistribution.es\/wp-content\/uploads\/2022\/07\/2489-medium_default.jpg","type":"image\/jpeg"}],"twitter_card":"summary_large_image","twitter_title":"Ruedas CRIM 56mm","twitter_misc":{"Tiempo de lectura":"1 minuto"},"schema":{"@context":"https:\/\/schema.org","@graph":[{"@type":"WebPage","@id":"https:\/\/www.msbdistribution.es\/?product=haze-wheels-lurk-54mm-85a","url":"https:\/\/www.msbdistribution.es\/?product=haze-wheels-lurk-54mm-85a","name":"Haze Wheels Lurk 56mm 85A | MSB DISTRIBUTION","isPartOf":{"@id":"https:\/\/www.msbdistribution.es\/#website"},"primaryImageOfPage":{"@id":"https:\/\/www.msbdistribution.es\/?product=haze-wheels-lurk-54mm-85a#primaryimage"},"image":{"@id":"https:\/\/www.msbdistribution.es\/?product=haze-wheels-lurk-54mm-85a#primaryimage"},"thumbnailUrl":"https:\/\/www.msbdistribution.es\/wp-content\/uploads\/2022\/07\/2489-medium_default.jpg","datePublished":"2022-07-27T10:35:14+00:00","dateModified":"2025-11-05T08:06:54+00:00","breadcrumb":{"@id":"https:\/\/www.msbdistribution.es\/?product=haze-wheels-lurk-54mm-85a#breadcrumb"},"inLanguage":"es","potentialAction":[{"@type":"ReadAction","target":["https:\/\/www.msbdistribution.es\/?product=haze-wheels-lurk-54mm-85a"]}]},{"@type":"ImageObject","inLanguage":"es","@id":"https:\/\/www.msbdistribution.es\/?product=haze-wheels-lurk-54mm-85a#primaryimage","url":"https:\/\/www.msbdistribution.es\/wp-content\/uploads\/2022\/07\/2489-medium_default.jpg","contentUrl":"https:\/\/www.msbdistribution.es\/wp-content\/uploads\/2022\/07\/2489-medium_default.jpg","width":452,"height":452},{"@type":"BreadcrumbList","@id":"https:\/\/www.msbdistribution.es\/?product=haze-wheels-lurk-54mm-85a#breadcrumb","itemListElement":[{"@type":"ListItem","position":1,"name":"Portada","item":"https:\/\/www.msbdistribution.es\/"},{"@type":"ListItem","position":2,"name":"Tienda","item":"https:\/\/www.msbdistribution.es\/?page_id=2643"},{"@type":"ListItem","position":3,"name":"Haze Wheels Lurk 56mm 85A"}]},{"@type":"WebSite","@id":"https:\/\/www.msbdistribution.es\/#website","url":"https:\/\/www.msbdistribution.es\/","name":"Msb Distribution","description":"we are skaters","publisher":{"@id":"https:\/\/www.msbdistribution.es\/#organization"},"potentialAction":[{"@type":"SearchAction","target":{"@type":"EntryPoint","urlTemplate":"https:\/\/www.msbdistribution.es\/?s={search_term_string}"},"query-input":{"@type":"PropertyValueSpecification","valueRequired":true,"valueName":"search_term_string"}}],"inLanguage":"es"},{"@type":"Organization","@id":"https:\/\/www.msbdistribution.es\/#organization","name":"Msb Distribution","alternateName":"Msb Distribution","url":"https:\/\/www.msbdistribution.es\/","logo":{"@type":"ImageObject","inLanguage":"es","@id":"https:\/\/www.msbdistribution.es\/#\/schema\/logo\/image\/","url":"https:\/\/www.msbdistribution.es\/wp-content\/uploads\/2021\/11\/NEW-LOGO-MSB-RGB.png","contentUrl":"https:\/\/www.msbdistribution.es\/wp-content\/uploads\/2021\/11\/NEW-LOGO-MSB-RGB.png","width":2024,"height":2024,"caption":"Msb Distribution"},"image":{"@id":"https:\/\/www.msbdistribution.es\/#\/schema\/logo\/image\/"},"sameAs":["https:\/\/www.facebook.com\/msbdist","https:\/\/www.instagram.com\/msbdistribution\/"]}]}},"_links":{"self":[{"href":"https:\/\/www.msbdistribution.es\/index.php?rest_route=\/wp\/v2\/product\/3929","targetHints":{"allow":["GET"]}}],"collection":[{"href":"https:\/\/www.msbdistribution.es\/index.php?rest_route=\/wp\/v2\/product"}],"about":[{"href":"https:\/\/www.msbdistribution.es\/index.php?rest_route=\/wp\/v2\/types\/product"}],"replies":[{"embeddable":true,"href":"https:\/\/www.msbdistribution.es\/index.php?rest_route=%2Fwp%2Fv2%2Fcomments&post=3929"}],"wp:featuredmedia":[{"embeddable":true,"href":"https:\/\/www.msbdistribution.es\/index.php?rest_route=\/wp\/v2\/media\/3953"}],"wp:attachment":[{"href":"https:\/\/www.msbdistribution.es\/index.php?rest_route=%2Fwp%2Fv2%2Fmedia&parent=3929"}],"wp:term":[{"taxonomy":"product_brand","embeddable":true,"href":"https:\/\/www.msbdistribution.es\/index.php?rest_route=%2Fwp%2Fv2%2Fproduct_brand&post=3929"},{"taxonomy":"product_cat","embeddable":true,"href":"https:\/\/www.msbdistribution.es\/index.php?rest_route=%2Fwp%2Fv2%2Fproduct_cat&post=3929"},{"taxonomy":"product_tag","embeddable":true,"href":"https:\/\/www.msbdistribution.es\/index.php?rest_route=%2Fwp%2Fv2%2Fproduct_tag&post=3929"}],"curies":[{"name":"wp","href":"https:\/\/api.w.org\/{rel}","templated":true}]}}