{"id":2853,"date":"2021-11-05T14:32:50","date_gmt":"2021-11-05T13:32:50","guid":{"rendered":"https:\/\/www.msbdistribution.es\/?post_type=product&#038;p=2853"},"modified":"2025-05-26T12:19:17","modified_gmt":"2025-05-26T10:19:17","slug":"ejes-ace-66-af-1","status":"publish","type":"product","link":"https:\/\/www.msbdistribution.es\/?product=ejes-ace-66-af-1","title":{"rendered":"Ejes Ace 66 AF-1"},"content":{"rendered":"<p>Los ejes de Skate ACE, est\u00e1n preparados para destrozar las calles de tu ciudad, cualquier pool cooping o lo que se te pase por la cabeza. Alta resistencia, maniobrabilidad, bajo peso y una gama de medidas y formas para adaptarse a tu estilo, ya sea m\u00e1s de calle o transici\u00f3n.<\/p>\n<p>Joey Tershay, en 2007, decidi\u00f3 emprender con su propia marca de ejes de skate. Basado en el cl\u00e1sico die\u00f1o de Independent Stage 3, estos ejes tienen esta apariencia tan caracter\u00edstica.<\/p>\n<p>Actualmente, los ejes de skate ACE TRUCKS, son de los n\u00famero uno en el mercado en cuanto a peso, y tacto. El kingpin se ha bajado m\u00e1s profundamente en el hanger y la disposici\u00f3n de este y la base ha mejorado su maniobrabilidad.<\/p>\n<p>La marca cuenta con un gran equipo de profesionales del skateboarding, reconocidos nombres como Dane Brady, Oskar Rozenberg, Ronnie Sandoval, Harry Lintell, Ron Chatman, Jost Arens, Jacopo Carozzi, Mike Arnold y Gou Miyagi patinan para ACE Trucks.<\/p>\n<p><a href=\"https:\/\/acetrucks.com\" target=\"_blank\" rel=\"noopener noreferrer\">Puedes visitar su web haciendo click aqu\u00ed!<\/a><\/p>\n<p>&nbsp;<\/p>\n","protected":false},"excerpt":{"rendered":"<p>El nuevo ACE AF-1 se fabrica cuidadosamente utilizando un proceso de fundici\u00f3n patentado por la marca. El AF-1 tiene un aumento del 70% en la integridad estructural del aluminio, lo que lo convierte en el eje mas fuerte del mercado. Se actualiza el tama\u00f1o de los modelos 44 al 77 para un mayor ajuste en los tama\u00f1os de tabla.<\/p>\n<p>Ancho del axle: 9.\u00bb (229 mm).<br \/>\nAncho del hanger: 6.4&#8243; (163 mm).<br \/>\nAltura: 2,1&#8243;(53mm)<br \/>\nPeso: 411 g.<br \/>\nFabricado con aleaci\u00f3n AA 356.2 de alta calidad.<br \/>\nEjes de aleaci\u00f3n de acero SAE 4140 sobredimensionados para eliminar la oscilaci\u00f3n del rodamiento.<br \/>\nTuerca para enroscar los extremos da\u00f1ados.<br \/>\nBujes de uretano 96A.<br \/>\nGoma inferior 86A, 14mm de altura y goma superior 91A y 12 mm de altura.<br \/>\nRecomendamos usar este eje en tablas con un ancho de <strong>8.75&#8243; &#8211; 9.25&#8243;.<\/strong><\/p>\n<p><a href=\"http:\/\/www.acetrucks.com\" target=\"_blank\" rel=\"noopener\"><img decoding=\"async\" class=\"alignnone wp-image-1790\" src=\"https:\/\/www.msbdistribution.es\/wp-content\/uploads\/2020\/04\/Logo-Ace.jpg\" alt=\"\" width=\"170\" height=\"100\" \/><\/a><\/p>\n","protected":false},"featured_media":2871,"comment_status":"open","ping_status":"closed","template":"","meta":[],"product_brand":[247],"product_cat":[30],"product_tag":[],"class_list":{"0":"post-2853","1":"product","2":"type-product","3":"status-publish","4":"has-post-thumbnail","6":"product_brand-acetrucks","7":"product_cat-ejes-skate","8":"","9":"woocommerce-text-align-center","10":"woocommerce-image-align-center","11":"do-quantity-buttons","13":"first","14":"instock","15":"taxable","16":"shipping-taxable","17":"purchasable","18":"product-type-simple"},"yoast_head":"<!-- This site is optimized with the Yoast SEO plugin v27.4 - https:\/\/yoast.com\/product\/yoast-seo-wordpress\/ -->\n<title>Ejes Ace 66 AF-1 | MSB DISTRIBUTION<\/title>\n<meta name=\"robots\" content=\"index, follow, max-snippet:-1, max-image-preview:large, max-video-preview:-1\" \/>\n<link rel=\"canonical\" href=\"https:\/\/www.msbdistribution.es\/?product=ejes-ace-66-af-1\" \/>\n<meta property=\"og:locale\" content=\"es_ES\" \/>\n<meta property=\"og:type\" content=\"article\" \/>\n<meta property=\"og:title\" content=\"Ejes Ace 66 AF-1 | MSB DISTRIBUTION\" \/>\n<meta property=\"og:description\" content=\"El nuevo ACE AF-1 se fabrica cuidadosamente utilizando un proceso de fundici\u00f3n patentado por la marca. El AF-1 tiene un aumento del 70% en la integridad estructural del aluminio, lo que lo convierte en el eje mas fuerte del mercado. Se actualiza el tama\u00f1o de los modelos 44 al 77 para un mayor ajuste en los tama\u00f1os de tabla.  Ancho del axle: 9.&quot; (229 mm). Ancho del hanger: 6.4&quot; (163 mm). Altura: 2,1&quot;(53mm) Peso: 411 g. Fabricado con aleaci\u00f3n AA 356.2 de alta calidad. Ejes de aleaci\u00f3n de acero SAE 4140 sobredimensionados para eliminar la oscilaci\u00f3n del rodamiento. Tuerca para enroscar los extremos da\u00f1ados. Bujes de uretano 96A. Goma inferior 86A, 14mm de altura y goma superior 91A y 12 mm de altura. Recomendamos usar este eje en tablas con un ancho de 8.75&quot; - 9.25&quot;.\" \/>\n<meta property=\"og:url\" content=\"https:\/\/www.msbdistribution.es\/?product=ejes-ace-66-af-1\" \/>\n<meta property=\"og:site_name\" content=\"MSB DISTRIBUTION\" \/>\n<meta property=\"article:publisher\" content=\"https:\/\/www.facebook.com\/msbdist\" \/>\n<meta property=\"article:modified_time\" content=\"2025-05-26T10:19:17+00:00\" \/>\n<meta property=\"og:image\" content=\"https:\/\/www.msbdistribution.es\/wp-content\/uploads\/2021\/11\/66-Front-silver.jpg\" \/>\n\t<meta property=\"og:image:width\" content=\"900\" \/>\n\t<meta property=\"og:image:height\" content=\"900\" \/>\n\t<meta property=\"og:image:type\" content=\"image\/jpeg\" \/>\n<meta name=\"twitter:card\" content=\"summary_large_image\" \/>\n<meta name=\"twitter:label1\" content=\"Tiempo de lectura\" \/>\n\t<meta name=\"twitter:data1\" content=\"1 minuto\" \/>\n<script type=\"application\/ld+json\" class=\"yoast-schema-graph\">{\"@context\":\"https:\\\/\\\/schema.org\",\"@graph\":[{\"@type\":\"WebPage\",\"@id\":\"https:\\\/\\\/www.msbdistribution.es\\\/?product=ejes-ace-66-af-1\",\"url\":\"https:\\\/\\\/www.msbdistribution.es\\\/?product=ejes-ace-66-af-1\",\"name\":\"Ejes Ace 66 AF-1 | MSB DISTRIBUTION\",\"isPartOf\":{\"@id\":\"https:\\\/\\\/www.msbdistribution.es\\\/#website\"},\"primaryImageOfPage\":{\"@id\":\"https:\\\/\\\/www.msbdistribution.es\\\/?product=ejes-ace-66-af-1#primaryimage\"},\"image\":{\"@id\":\"https:\\\/\\\/www.msbdistribution.es\\\/?product=ejes-ace-66-af-1#primaryimage\"},\"thumbnailUrl\":\"https:\\\/\\\/www.msbdistribution.es\\\/wp-content\\\/uploads\\\/2021\\\/11\\\/66-Front-silver.jpg\",\"datePublished\":\"2021-11-05T13:32:50+00:00\",\"dateModified\":\"2025-05-26T10:19:17+00:00\",\"breadcrumb\":{\"@id\":\"https:\\\/\\\/www.msbdistribution.es\\\/?product=ejes-ace-66-af-1#breadcrumb\"},\"inLanguage\":\"es\",\"potentialAction\":[{\"@type\":\"ReadAction\",\"target\":[\"https:\\\/\\\/www.msbdistribution.es\\\/?product=ejes-ace-66-af-1\"]}]},{\"@type\":\"ImageObject\",\"inLanguage\":\"es\",\"@id\":\"https:\\\/\\\/www.msbdistribution.es\\\/?product=ejes-ace-66-af-1#primaryimage\",\"url\":\"https:\\\/\\\/www.msbdistribution.es\\\/wp-content\\\/uploads\\\/2021\\\/11\\\/66-Front-silver.jpg\",\"contentUrl\":\"https:\\\/\\\/www.msbdistribution.es\\\/wp-content\\\/uploads\\\/2021\\\/11\\\/66-Front-silver.jpg\",\"width\":900,\"height\":900},{\"@type\":\"BreadcrumbList\",\"@id\":\"https:\\\/\\\/www.msbdistribution.es\\\/?product=ejes-ace-66-af-1#breadcrumb\",\"itemListElement\":[{\"@type\":\"ListItem\",\"position\":1,\"name\":\"Portada\",\"item\":\"https:\\\/\\\/www.msbdistribution.es\\\/\"},{\"@type\":\"ListItem\",\"position\":2,\"name\":\"Tienda\",\"item\":\"https:\\\/\\\/www.msbdistribution.es\\\/?page_id=2643\"},{\"@type\":\"ListItem\",\"position\":3,\"name\":\"Ejes Ace 66 AF-1\"}]},{\"@type\":\"WebSite\",\"@id\":\"https:\\\/\\\/www.msbdistribution.es\\\/#website\",\"url\":\"https:\\\/\\\/www.msbdistribution.es\\\/\",\"name\":\"Msb Distribution\",\"description\":\"we are skaters\",\"publisher\":{\"@id\":\"https:\\\/\\\/www.msbdistribution.es\\\/#organization\"},\"potentialAction\":[{\"@type\":\"SearchAction\",\"target\":{\"@type\":\"EntryPoint\",\"urlTemplate\":\"https:\\\/\\\/www.msbdistribution.es\\\/?s={search_term_string}\"},\"query-input\":{\"@type\":\"PropertyValueSpecification\",\"valueRequired\":true,\"valueName\":\"search_term_string\"}}],\"inLanguage\":\"es\"},{\"@type\":\"Organization\",\"@id\":\"https:\\\/\\\/www.msbdistribution.es\\\/#organization\",\"name\":\"Msb Distribution\",\"alternateName\":\"Msb Distribution\",\"url\":\"https:\\\/\\\/www.msbdistribution.es\\\/\",\"logo\":{\"@type\":\"ImageObject\",\"inLanguage\":\"es\",\"@id\":\"https:\\\/\\\/www.msbdistribution.es\\\/#\\\/schema\\\/logo\\\/image\\\/\",\"url\":\"https:\\\/\\\/www.msbdistribution.es\\\/wp-content\\\/uploads\\\/2021\\\/11\\\/NEW-LOGO-MSB-RGB.png\",\"contentUrl\":\"https:\\\/\\\/www.msbdistribution.es\\\/wp-content\\\/uploads\\\/2021\\\/11\\\/NEW-LOGO-MSB-RGB.png\",\"width\":2024,\"height\":2024,\"caption\":\"Msb Distribution\"},\"image\":{\"@id\":\"https:\\\/\\\/www.msbdistribution.es\\\/#\\\/schema\\\/logo\\\/image\\\/\"},\"sameAs\":[\"https:\\\/\\\/www.facebook.com\\\/msbdist\",\"https:\\\/\\\/www.instagram.com\\\/msbdistribution\\\/\"]}]}<\/script>\n<!-- \/ Yoast SEO plugin. -->","yoast_head_json":{"title":"Ejes Ace 66 AF-1 | MSB DISTRIBUTION","robots":{"index":"index","follow":"follow","max-snippet":"max-snippet:-1","max-image-preview":"max-image-preview:large","max-video-preview":"max-video-preview:-1"},"canonical":"https:\/\/www.msbdistribution.es\/?product=ejes-ace-66-af-1","og_locale":"es_ES","og_type":"article","og_title":"Ejes Ace 66 AF-1 | MSB DISTRIBUTION","og_description":"El nuevo ACE AF-1 se fabrica cuidadosamente utilizando un proceso de fundici\u00f3n patentado por la marca. El AF-1 tiene un aumento del 70% en la integridad estructural del aluminio, lo que lo convierte en el eje mas fuerte del mercado. Se actualiza el tama\u00f1o de los modelos 44 al 77 para un mayor ajuste en los tama\u00f1os de tabla.  Ancho del axle: 9.\" (229 mm). Ancho del hanger: 6.4\" (163 mm). Altura: 2,1\"(53mm) Peso: 411 g. Fabricado con aleaci\u00f3n AA 356.2 de alta calidad. Ejes de aleaci\u00f3n de acero SAE 4140 sobredimensionados para eliminar la oscilaci\u00f3n del rodamiento. Tuerca para enroscar los extremos da\u00f1ados. Bujes de uretano 96A. Goma inferior 86A, 14mm de altura y goma superior 91A y 12 mm de altura. Recomendamos usar este eje en tablas con un ancho de 8.75\" - 9.25\".","og_url":"https:\/\/www.msbdistribution.es\/?product=ejes-ace-66-af-1","og_site_name":"MSB DISTRIBUTION","article_publisher":"https:\/\/www.facebook.com\/msbdist","article_modified_time":"2025-05-26T10:19:17+00:00","og_image":[{"width":900,"height":900,"url":"https:\/\/www.msbdistribution.es\/wp-content\/uploads\/2021\/11\/66-Front-silver.jpg","type":"image\/jpeg"}],"twitter_card":"summary_large_image","twitter_misc":{"Tiempo de lectura":"1 minuto"},"schema":{"@context":"https:\/\/schema.org","@graph":[{"@type":"WebPage","@id":"https:\/\/www.msbdistribution.es\/?product=ejes-ace-66-af-1","url":"https:\/\/www.msbdistribution.es\/?product=ejes-ace-66-af-1","name":"Ejes Ace 66 AF-1 | MSB DISTRIBUTION","isPartOf":{"@id":"https:\/\/www.msbdistribution.es\/#website"},"primaryImageOfPage":{"@id":"https:\/\/www.msbdistribution.es\/?product=ejes-ace-66-af-1#primaryimage"},"image":{"@id":"https:\/\/www.msbdistribution.es\/?product=ejes-ace-66-af-1#primaryimage"},"thumbnailUrl":"https:\/\/www.msbdistribution.es\/wp-content\/uploads\/2021\/11\/66-Front-silver.jpg","datePublished":"2021-11-05T13:32:50+00:00","dateModified":"2025-05-26T10:19:17+00:00","breadcrumb":{"@id":"https:\/\/www.msbdistribution.es\/?product=ejes-ace-66-af-1#breadcrumb"},"inLanguage":"es","potentialAction":[{"@type":"ReadAction","target":["https:\/\/www.msbdistribution.es\/?product=ejes-ace-66-af-1"]}]},{"@type":"ImageObject","inLanguage":"es","@id":"https:\/\/www.msbdistribution.es\/?product=ejes-ace-66-af-1#primaryimage","url":"https:\/\/www.msbdistribution.es\/wp-content\/uploads\/2021\/11\/66-Front-silver.jpg","contentUrl":"https:\/\/www.msbdistribution.es\/wp-content\/uploads\/2021\/11\/66-Front-silver.jpg","width":900,"height":900},{"@type":"BreadcrumbList","@id":"https:\/\/www.msbdistribution.es\/?product=ejes-ace-66-af-1#breadcrumb","itemListElement":[{"@type":"ListItem","position":1,"name":"Portada","item":"https:\/\/www.msbdistribution.es\/"},{"@type":"ListItem","position":2,"name":"Tienda","item":"https:\/\/www.msbdistribution.es\/?page_id=2643"},{"@type":"ListItem","position":3,"name":"Ejes Ace 66 AF-1"}]},{"@type":"WebSite","@id":"https:\/\/www.msbdistribution.es\/#website","url":"https:\/\/www.msbdistribution.es\/","name":"Msb Distribution","description":"we are skaters","publisher":{"@id":"https:\/\/www.msbdistribution.es\/#organization"},"potentialAction":[{"@type":"SearchAction","target":{"@type":"EntryPoint","urlTemplate":"https:\/\/www.msbdistribution.es\/?s={search_term_string}"},"query-input":{"@type":"PropertyValueSpecification","valueRequired":true,"valueName":"search_term_string"}}],"inLanguage":"es"},{"@type":"Organization","@id":"https:\/\/www.msbdistribution.es\/#organization","name":"Msb Distribution","alternateName":"Msb Distribution","url":"https:\/\/www.msbdistribution.es\/","logo":{"@type":"ImageObject","inLanguage":"es","@id":"https:\/\/www.msbdistribution.es\/#\/schema\/logo\/image\/","url":"https:\/\/www.msbdistribution.es\/wp-content\/uploads\/2021\/11\/NEW-LOGO-MSB-RGB.png","contentUrl":"https:\/\/www.msbdistribution.es\/wp-content\/uploads\/2021\/11\/NEW-LOGO-MSB-RGB.png","width":2024,"height":2024,"caption":"Msb Distribution"},"image":{"@id":"https:\/\/www.msbdistribution.es\/#\/schema\/logo\/image\/"},"sameAs":["https:\/\/www.facebook.com\/msbdist","https:\/\/www.instagram.com\/msbdistribution\/"]}]}},"_links":{"self":[{"href":"https:\/\/www.msbdistribution.es\/index.php?rest_route=\/wp\/v2\/product\/2853","targetHints":{"allow":["GET"]}}],"collection":[{"href":"https:\/\/www.msbdistribution.es\/index.php?rest_route=\/wp\/v2\/product"}],"about":[{"href":"https:\/\/www.msbdistribution.es\/index.php?rest_route=\/wp\/v2\/types\/product"}],"replies":[{"embeddable":true,"href":"https:\/\/www.msbdistribution.es\/index.php?rest_route=%2Fwp%2Fv2%2Fcomments&post=2853"}],"wp:featuredmedia":[{"embeddable":true,"href":"https:\/\/www.msbdistribution.es\/index.php?rest_route=\/wp\/v2\/media\/2871"}],"wp:attachment":[{"href":"https:\/\/www.msbdistribution.es\/index.php?rest_route=%2Fwp%2Fv2%2Fmedia&parent=2853"}],"wp:term":[{"taxonomy":"product_brand","embeddable":true,"href":"https:\/\/www.msbdistribution.es\/index.php?rest_route=%2Fwp%2Fv2%2Fproduct_brand&post=2853"},{"taxonomy":"product_cat","embeddable":true,"href":"https:\/\/www.msbdistribution.es\/index.php?rest_route=%2Fwp%2Fv2%2Fproduct_cat&post=2853"},{"taxonomy":"product_tag","embeddable":true,"href":"https:\/\/www.msbdistribution.es\/index.php?rest_route=%2Fwp%2Fv2%2Fproduct_tag&post=2853"}],"curies":[{"name":"wp","href":"https:\/\/api.w.org\/{rel}","templated":true}]}}