{"id":1545,"date":"2020-04-10T15:30:55","date_gmt":"2020-04-10T13:30:55","guid":{"rendered":"https:\/\/control-bcn.com\/?post_type=product&#038;p=1545"},"modified":"2025-05-26T12:19:18","modified_gmt":"2025-05-26T10:19:18","slug":"eje-ace-33","status":"publish","type":"product","link":"https:\/\/www.msbdistribution.es\/?product=eje-ace-33","title":{"rendered":"Ejes Ace 33"},"content":{"rendered":"<p>Los ejes de Skate ACE, est\u00e1n preparados para destrozar las calles de tu ciudad, cualquier pool cooping o lo que se te pase por la cabeza. Alta resistencia, maniobrabilidad, bajo peso y una gama de medidas y formas para adaptarse a tu estilo, ya sea m\u00e1s de calle o transici\u00f3n.<\/p>\n<p>Joey Tershay, en 2007, decidi\u00f3 emprender con su propia marca de ejes de skate. Basado en el cl\u00e1sico die\u00f1o de Independent Stage 3, estos ejes tienen esta apariencia tan caracter\u00edstica.<\/p>\n<p>Actualmente, los ejes de skate ACE TRUCKS, son de los n\u00famero uno en el mercado en cuanto a peso, y tacto. El kingpin se ha bajado m\u00e1s profundamente en el hanger y la disposici\u00f3n de este y la base ha mejorado su maniobrabilidad.<\/p>\n<p>La marca cuenta con un gran equipo de profesionales del skateboarding, reconocidos nombres como Dane Brady, Oskar Rozenberg, Ronnie Sandoval, Harry Lintell, Ron Chatman, Jost Arens, Jacopo Carozzi, Mike Arnold y Gou Miyagi patinan para ACE Trucks.<\/p>\n<p><a href=\"https:\/\/acetrucks.com\" target=\"_blank\" rel=\"noopener noreferrer\">Puedes visitar su web haciendo click aqu\u00ed!<\/a><\/p>\n","protected":false},"excerpt":{"rendered":"<p>Ancho del axel: 8&#8243; (203 mm).<br \/>\nAncho del hanger: 5.375&#8243; (136 mm).<br \/>\nAltura: 52 mm (media).<br \/>\nPeso: 361 g.<br \/>\nHanger y base hecha de aluminio.<br \/>\nAxle de acero 3056.<br \/>\nAxle cil\u00edndrico 30% m\u00e1s grande en di\u00e1metro para mayor longevidad.<br \/>\nLos extremos c\u00f3nicos del hanger permiten que los rodamientos giren libremente.<br \/>\nAxle sobredimensionado para un mayor rendimiento del rodamiento.<br \/>\nBushing inferior 86A y bushing superior 91A para un rendimiento m\u00e1ximo de giro.<\/p>\n<p>Recomendamos utilizar estos ejes en tablas con un ancho de <strong>7.75&#8243; &#8211; 8.125&#8243;.<\/strong><\/p>\n<p><a href=\"http:\/\/www.acetrucks.com\" target=\"_blank\" rel=\"noopener\"><img decoding=\"async\" class=\"alignnone wp-image-1790\" src=\"https:\/\/www.msbdistribution.es\/wp-content\/uploads\/2020\/04\/Logo-Ace.jpg\" alt=\"\" width=\"170\" height=\"100\" \/><\/a><\/p>\n","protected":false},"featured_media":1546,"comment_status":"open","ping_status":"closed","template":"","meta":[],"product_brand":[247],"product_cat":[30],"product_tag":[],"class_list":{"0":"post-1545","1":"product","2":"type-product","3":"status-publish","4":"has-post-thumbnail","6":"product_brand-acetrucks","7":"product_cat-ejes-skate","8":"","9":"woocommerce-text-align-center","10":"woocommerce-image-align-center","11":"do-quantity-buttons","13":"first","14":"instock","15":"taxable","16":"shipping-taxable","17":"purchasable","18":"product-type-simple"},"yoast_head":"<!-- This site is optimized with the Yoast SEO plugin v27.4 - https:\/\/yoast.com\/product\/yoast-seo-wordpress\/ -->\n<title>Ejes Ace 33 | MSB DISTRIBUTION<\/title>\n<meta name=\"robots\" content=\"index, follow, max-snippet:-1, max-image-preview:large, max-video-preview:-1\" \/>\n<link rel=\"canonical\" href=\"https:\/\/www.msbdistribution.es\/?product=eje-ace-33\" \/>\n<meta property=\"og:locale\" content=\"es_ES\" \/>\n<meta property=\"og:type\" content=\"article\" \/>\n<meta property=\"og:title\" content=\"Ejes Ace 33 | MSB DISTRIBUTION\" \/>\n<meta property=\"og:description\" content=\"Ancho del axel: 8&quot; (203 mm). Ancho del hanger: 5.375&quot; (136 mm). Altura: 52 mm (media). Peso: 361 g. Hanger y base hecha de aluminio. Axle de acero 3056. Axle cil\u00edndrico 30% m\u00e1s grande en di\u00e1metro para mayor longevidad. Los extremos c\u00f3nicos del hanger permiten que los rodamientos giren libremente. Axle sobredimensionado para un mayor rendimiento del rodamiento. Bushing inferior 86A y bushing superior 91A para un rendimiento m\u00e1ximo de giro.  Recomendamos utilizar estos ejes en tablas con un ancho de 7.75&quot; - 8.125&quot;.\" \/>\n<meta property=\"og:url\" content=\"https:\/\/www.msbdistribution.es\/?product=eje-ace-33\" \/>\n<meta property=\"og:site_name\" content=\"MSB DISTRIBUTION\" \/>\n<meta property=\"article:publisher\" content=\"https:\/\/www.facebook.com\/msbdist\" \/>\n<meta property=\"article:modified_time\" content=\"2025-05-26T10:19:18+00:00\" \/>\n<meta property=\"og:image\" content=\"https:\/\/www.msbdistribution.es\/wp-content\/uploads\/2020\/04\/Ejes-Ace-standard33.jpg\" \/>\n\t<meta property=\"og:image:width\" content=\"900\" \/>\n\t<meta property=\"og:image:height\" content=\"900\" \/>\n\t<meta property=\"og:image:type\" content=\"image\/jpeg\" \/>\n<meta name=\"twitter:card\" content=\"summary_large_image\" \/>\n<meta name=\"twitter:label1\" content=\"Tiempo de lectura\" \/>\n\t<meta name=\"twitter:data1\" content=\"1 minuto\" \/>\n<script type=\"application\/ld+json\" class=\"yoast-schema-graph\">{\"@context\":\"https:\\\/\\\/schema.org\",\"@graph\":[{\"@type\":\"WebPage\",\"@id\":\"https:\\\/\\\/www.msbdistribution.es\\\/?product=eje-ace-33\",\"url\":\"https:\\\/\\\/www.msbdistribution.es\\\/?product=eje-ace-33\",\"name\":\"Ejes Ace 33 | MSB DISTRIBUTION\",\"isPartOf\":{\"@id\":\"https:\\\/\\\/www.msbdistribution.es\\\/#website\"},\"primaryImageOfPage\":{\"@id\":\"https:\\\/\\\/www.msbdistribution.es\\\/?product=eje-ace-33#primaryimage\"},\"image\":{\"@id\":\"https:\\\/\\\/www.msbdistribution.es\\\/?product=eje-ace-33#primaryimage\"},\"thumbnailUrl\":\"https:\\\/\\\/www.msbdistribution.es\\\/wp-content\\\/uploads\\\/2020\\\/04\\\/Ejes-Ace-standard33.jpg\",\"datePublished\":\"2020-04-10T13:30:55+00:00\",\"dateModified\":\"2025-05-26T10:19:18+00:00\",\"breadcrumb\":{\"@id\":\"https:\\\/\\\/www.msbdistribution.es\\\/?product=eje-ace-33#breadcrumb\"},\"inLanguage\":\"es\",\"potentialAction\":[{\"@type\":\"ReadAction\",\"target\":[\"https:\\\/\\\/www.msbdistribution.es\\\/?product=eje-ace-33\"]}]},{\"@type\":\"ImageObject\",\"inLanguage\":\"es\",\"@id\":\"https:\\\/\\\/www.msbdistribution.es\\\/?product=eje-ace-33#primaryimage\",\"url\":\"https:\\\/\\\/www.msbdistribution.es\\\/wp-content\\\/uploads\\\/2020\\\/04\\\/Ejes-Ace-standard33.jpg\",\"contentUrl\":\"https:\\\/\\\/www.msbdistribution.es\\\/wp-content\\\/uploads\\\/2020\\\/04\\\/Ejes-Ace-standard33.jpg\",\"width\":900,\"height\":900},{\"@type\":\"BreadcrumbList\",\"@id\":\"https:\\\/\\\/www.msbdistribution.es\\\/?product=eje-ace-33#breadcrumb\",\"itemListElement\":[{\"@type\":\"ListItem\",\"position\":1,\"name\":\"Portada\",\"item\":\"https:\\\/\\\/www.msbdistribution.es\\\/\"},{\"@type\":\"ListItem\",\"position\":2,\"name\":\"Tienda\",\"item\":\"https:\\\/\\\/www.msbdistribution.es\\\/?page_id=2643\"},{\"@type\":\"ListItem\",\"position\":3,\"name\":\"Ejes Ace 33\"}]},{\"@type\":\"WebSite\",\"@id\":\"https:\\\/\\\/www.msbdistribution.es\\\/#website\",\"url\":\"https:\\\/\\\/www.msbdistribution.es\\\/\",\"name\":\"Msb Distribution\",\"description\":\"we are skaters\",\"publisher\":{\"@id\":\"https:\\\/\\\/www.msbdistribution.es\\\/#organization\"},\"potentialAction\":[{\"@type\":\"SearchAction\",\"target\":{\"@type\":\"EntryPoint\",\"urlTemplate\":\"https:\\\/\\\/www.msbdistribution.es\\\/?s={search_term_string}\"},\"query-input\":{\"@type\":\"PropertyValueSpecification\",\"valueRequired\":true,\"valueName\":\"search_term_string\"}}],\"inLanguage\":\"es\"},{\"@type\":\"Organization\",\"@id\":\"https:\\\/\\\/www.msbdistribution.es\\\/#organization\",\"name\":\"Msb Distribution\",\"alternateName\":\"Msb Distribution\",\"url\":\"https:\\\/\\\/www.msbdistribution.es\\\/\",\"logo\":{\"@type\":\"ImageObject\",\"inLanguage\":\"es\",\"@id\":\"https:\\\/\\\/www.msbdistribution.es\\\/#\\\/schema\\\/logo\\\/image\\\/\",\"url\":\"https:\\\/\\\/www.msbdistribution.es\\\/wp-content\\\/uploads\\\/2021\\\/11\\\/NEW-LOGO-MSB-RGB.png\",\"contentUrl\":\"https:\\\/\\\/www.msbdistribution.es\\\/wp-content\\\/uploads\\\/2021\\\/11\\\/NEW-LOGO-MSB-RGB.png\",\"width\":2024,\"height\":2024,\"caption\":\"Msb Distribution\"},\"image\":{\"@id\":\"https:\\\/\\\/www.msbdistribution.es\\\/#\\\/schema\\\/logo\\\/image\\\/\"},\"sameAs\":[\"https:\\\/\\\/www.facebook.com\\\/msbdist\",\"https:\\\/\\\/www.instagram.com\\\/msbdistribution\\\/\"]}]}<\/script>\n<!-- \/ Yoast SEO plugin. -->","yoast_head_json":{"title":"Ejes Ace 33 | MSB DISTRIBUTION","robots":{"index":"index","follow":"follow","max-snippet":"max-snippet:-1","max-image-preview":"max-image-preview:large","max-video-preview":"max-video-preview:-1"},"canonical":"https:\/\/www.msbdistribution.es\/?product=eje-ace-33","og_locale":"es_ES","og_type":"article","og_title":"Ejes Ace 33 | MSB DISTRIBUTION","og_description":"Ancho del axel: 8\" (203 mm). Ancho del hanger: 5.375\" (136 mm). Altura: 52 mm (media). Peso: 361 g. Hanger y base hecha de aluminio. Axle de acero 3056. Axle cil\u00edndrico 30% m\u00e1s grande en di\u00e1metro para mayor longevidad. Los extremos c\u00f3nicos del hanger permiten que los rodamientos giren libremente. Axle sobredimensionado para un mayor rendimiento del rodamiento. Bushing inferior 86A y bushing superior 91A para un rendimiento m\u00e1ximo de giro.  Recomendamos utilizar estos ejes en tablas con un ancho de 7.75\" - 8.125\".","og_url":"https:\/\/www.msbdistribution.es\/?product=eje-ace-33","og_site_name":"MSB DISTRIBUTION","article_publisher":"https:\/\/www.facebook.com\/msbdist","article_modified_time":"2025-05-26T10:19:18+00:00","og_image":[{"width":900,"height":900,"url":"https:\/\/www.msbdistribution.es\/wp-content\/uploads\/2020\/04\/Ejes-Ace-standard33.jpg","type":"image\/jpeg"}],"twitter_card":"summary_large_image","twitter_misc":{"Tiempo de lectura":"1 minuto"},"schema":{"@context":"https:\/\/schema.org","@graph":[{"@type":"WebPage","@id":"https:\/\/www.msbdistribution.es\/?product=eje-ace-33","url":"https:\/\/www.msbdistribution.es\/?product=eje-ace-33","name":"Ejes Ace 33 | MSB DISTRIBUTION","isPartOf":{"@id":"https:\/\/www.msbdistribution.es\/#website"},"primaryImageOfPage":{"@id":"https:\/\/www.msbdistribution.es\/?product=eje-ace-33#primaryimage"},"image":{"@id":"https:\/\/www.msbdistribution.es\/?product=eje-ace-33#primaryimage"},"thumbnailUrl":"https:\/\/www.msbdistribution.es\/wp-content\/uploads\/2020\/04\/Ejes-Ace-standard33.jpg","datePublished":"2020-04-10T13:30:55+00:00","dateModified":"2025-05-26T10:19:18+00:00","breadcrumb":{"@id":"https:\/\/www.msbdistribution.es\/?product=eje-ace-33#breadcrumb"},"inLanguage":"es","potentialAction":[{"@type":"ReadAction","target":["https:\/\/www.msbdistribution.es\/?product=eje-ace-33"]}]},{"@type":"ImageObject","inLanguage":"es","@id":"https:\/\/www.msbdistribution.es\/?product=eje-ace-33#primaryimage","url":"https:\/\/www.msbdistribution.es\/wp-content\/uploads\/2020\/04\/Ejes-Ace-standard33.jpg","contentUrl":"https:\/\/www.msbdistribution.es\/wp-content\/uploads\/2020\/04\/Ejes-Ace-standard33.jpg","width":900,"height":900},{"@type":"BreadcrumbList","@id":"https:\/\/www.msbdistribution.es\/?product=eje-ace-33#breadcrumb","itemListElement":[{"@type":"ListItem","position":1,"name":"Portada","item":"https:\/\/www.msbdistribution.es\/"},{"@type":"ListItem","position":2,"name":"Tienda","item":"https:\/\/www.msbdistribution.es\/?page_id=2643"},{"@type":"ListItem","position":3,"name":"Ejes Ace 33"}]},{"@type":"WebSite","@id":"https:\/\/www.msbdistribution.es\/#website","url":"https:\/\/www.msbdistribution.es\/","name":"Msb Distribution","description":"we are skaters","publisher":{"@id":"https:\/\/www.msbdistribution.es\/#organization"},"potentialAction":[{"@type":"SearchAction","target":{"@type":"EntryPoint","urlTemplate":"https:\/\/www.msbdistribution.es\/?s={search_term_string}"},"query-input":{"@type":"PropertyValueSpecification","valueRequired":true,"valueName":"search_term_string"}}],"inLanguage":"es"},{"@type":"Organization","@id":"https:\/\/www.msbdistribution.es\/#organization","name":"Msb Distribution","alternateName":"Msb Distribution","url":"https:\/\/www.msbdistribution.es\/","logo":{"@type":"ImageObject","inLanguage":"es","@id":"https:\/\/www.msbdistribution.es\/#\/schema\/logo\/image\/","url":"https:\/\/www.msbdistribution.es\/wp-content\/uploads\/2021\/11\/NEW-LOGO-MSB-RGB.png","contentUrl":"https:\/\/www.msbdistribution.es\/wp-content\/uploads\/2021\/11\/NEW-LOGO-MSB-RGB.png","width":2024,"height":2024,"caption":"Msb Distribution"},"image":{"@id":"https:\/\/www.msbdistribution.es\/#\/schema\/logo\/image\/"},"sameAs":["https:\/\/www.facebook.com\/msbdist","https:\/\/www.instagram.com\/msbdistribution\/"]}]}},"_links":{"self":[{"href":"https:\/\/www.msbdistribution.es\/index.php?rest_route=\/wp\/v2\/product\/1545","targetHints":{"allow":["GET"]}}],"collection":[{"href":"https:\/\/www.msbdistribution.es\/index.php?rest_route=\/wp\/v2\/product"}],"about":[{"href":"https:\/\/www.msbdistribution.es\/index.php?rest_route=\/wp\/v2\/types\/product"}],"replies":[{"embeddable":true,"href":"https:\/\/www.msbdistribution.es\/index.php?rest_route=%2Fwp%2Fv2%2Fcomments&post=1545"}],"wp:featuredmedia":[{"embeddable":true,"href":"https:\/\/www.msbdistribution.es\/index.php?rest_route=\/wp\/v2\/media\/1546"}],"wp:attachment":[{"href":"https:\/\/www.msbdistribution.es\/index.php?rest_route=%2Fwp%2Fv2%2Fmedia&parent=1545"}],"wp:term":[{"taxonomy":"product_brand","embeddable":true,"href":"https:\/\/www.msbdistribution.es\/index.php?rest_route=%2Fwp%2Fv2%2Fproduct_brand&post=1545"},{"taxonomy":"product_cat","embeddable":true,"href":"https:\/\/www.msbdistribution.es\/index.php?rest_route=%2Fwp%2Fv2%2Fproduct_cat&post=1545"},{"taxonomy":"product_tag","embeddable":true,"href":"https:\/\/www.msbdistribution.es\/index.php?rest_route=%2Fwp%2Fv2%2Fproduct_tag&post=1545"}],"curies":[{"name":"wp","href":"https:\/\/api.w.org\/{rel}","templated":true}]}}