{"id":352,"date":"2019-09-17T17:40:00","date_gmt":"2019-09-17T15:40:00","guid":{"rendered":"https:\/\/control-bcn.com\/?page_id=352"},"modified":"2026-03-03T09:39:06","modified_gmt":"2026-03-03T08:39:06","slug":"metodos-de-pago-envios-y-devoluciones","status":"publish","type":"page","link":"https:\/\/www.msbdistribution.es\/?page_id=352","title":{"rendered":"M\u00e9todos de pago, env\u00edos y devoluciones"},"content":{"rendered":"\t\t<div data-elementor-type=\"wp-page\" data-elementor-id=\"352\" class=\"elementor elementor-352\" data-elementor-post-type=\"page\">\n\t\t\t\t\t\t<section class=\"elementor-section elementor-top-section elementor-element elementor-element-48c0aa2a elementor-section-boxed elementor-section-height-default elementor-section-height-default\" data-id=\"48c0aa2a\" data-element_type=\"section\" data-e-type=\"section\">\n\t\t\t\t\t\t<div class=\"elementor-container elementor-column-gap-default\">\n\t\t\t\t\t<div class=\"elementor-column elementor-col-100 elementor-top-column elementor-element elementor-element-2bc5befa\" data-id=\"2bc5befa\" data-element_type=\"column\" data-e-type=\"column\">\n\t\t\t<div class=\"elementor-widget-wrap elementor-element-populated\">\n\t\t\t\t\t\t<div class=\"elementor-element elementor-element-420a0ce3 elementor-widget elementor-widget-text-editor\" data-id=\"420a0ce3\" data-element_type=\"widget\" data-e-type=\"widget\" data-widget_type=\"text-editor.default\">\n\t\t\t\t\t\t\t\t\t<p><strong>M\u00e9todos de pago:<\/strong><\/p><ul><li>Tarjeta de cr\u00e9dito.<\/li><li>Con tu cuenta paypal.<\/li><li>A trav\u00e9s de transferencia bancaria.<\/li><\/ul><p><b>Env\u00edos:<br \/><\/b>Una vez recibido el pago, tu pedido ser\u00e1 enviado en un plazo m\u00e1ximo de 3 d\u00edas. El tiempo estimado de entrega es de 2 d\u00edas.<\/p><p><b>Devoluciones:<br \/><\/b>No se aceptan devoluciones, excepto:<br \/>Si el producto ha sido pagado mediante cualquier m\u00e9todo de pago y no ha salido de nuestro almac\u00e9n. (En este caso no se generan costes de transporte y podr\u00edamos cambiar el producto o la devoluci\u00f3n del dinero).<br \/>Si el producto llega en mal estado, desembalado o roto, nos hacemos cargo de la recogida y la nueva entrega o a la devoluci\u00f3n del dinero.<br \/>Es imprescindible mandar un par de fotos a <strong>info<\/strong><b>@msbdistribution.es<\/b>\u00a0para la comprobaci\u00f3n del producto recibido en malas condiciones.<br \/>Tambi\u00e9n ponemos a disposici\u00f3n del cliente un n\u00famero de tel\u00e9fono m\u00f3vil por si se prefiere notificar la incidencia por esta v\u00eda.<\/p>\t\t\t\t\t\t\t\t<\/div>\n\t\t\t\t\t<\/div>\n\t\t<\/div>\n\t\t\t\t\t<\/div>\n\t\t<\/section>\n\t\t\t\t<\/div>\n\t\t","protected":false},"excerpt":{"rendered":"<p>M\u00e9todos de pago: Tarjeta de cr\u00e9dito. Con tu cuenta paypal. A trav\u00e9s de transferencia bancaria. Env\u00edos:Una vez recibido el pago, tu pedido ser\u00e1 enviado en un plazo m\u00e1ximo de 3 d\u00edas. El tiempo estimado de entrega es de 2 d\u00edas. Devoluciones:No se aceptan devoluciones, excepto:Si el producto ha sido pagado mediante cualquier m\u00e9todo de pago &#8230; <a title=\"M\u00e9todos de pago, env\u00edos y devoluciones\" class=\"read-more\" href=\"https:\/\/www.msbdistribution.es\/?page_id=352\" aria-label=\"Leer m\u00e1s sobre M\u00e9todos de pago, env\u00edos y devoluciones\">Leer m\u00e1s<\/a><\/p>\n","protected":false},"author":3,"featured_media":0,"parent":0,"menu_order":0,"comment_status":"closed","ping_status":"closed","template":"","meta":{"footnotes":""},"class_list":["post-352","page","type-page","status-publish"],"yoast_head":"<!-- This site is optimized with the Yoast SEO plugin v27.4 - https:\/\/yoast.com\/product\/yoast-seo-wordpress\/ -->\n<title>M\u00e9todos de pago, env\u00edos y devoluciones |<\/title>\n<meta name=\"robots\" content=\"index, follow, max-snippet:-1, max-image-preview:large, max-video-preview:-1\" \/>\n<link rel=\"canonical\" href=\"https:\/\/www.msbdistribution.es\/?page_id=352\" \/>\n<meta property=\"og:locale\" content=\"es_ES\" \/>\n<meta property=\"og:type\" content=\"article\" \/>\n<meta property=\"og:title\" content=\"M\u00e9todos de pago, env\u00edos y devoluciones |\" \/>\n<meta property=\"og:description\" content=\"M\u00e9todos de pago: Tarjeta de cr\u00e9dito. Con tu cuenta paypal. A trav\u00e9s de transferencia bancaria. Env\u00edos:Una vez recibido el pago, tu pedido ser\u00e1 enviado en un plazo m\u00e1ximo de 3 d\u00edas. El tiempo estimado de entrega es de 2 d\u00edas. Devoluciones:No se aceptan devoluciones, excepto:Si el producto ha sido pagado mediante cualquier m\u00e9todo de pago ... Leer m\u00e1s\" \/>\n<meta property=\"og:url\" content=\"https:\/\/www.msbdistribution.es\/?page_id=352\" \/>\n<meta property=\"og:site_name\" content=\"MSB DISTRIBUTION\" \/>\n<meta property=\"article:publisher\" content=\"https:\/\/www.facebook.com\/msbdist\" \/>\n<meta property=\"article:modified_time\" content=\"2026-03-03T08:39:06+00:00\" \/>\n<meta property=\"og:image\" content=\"https:\/\/www.msbdistribution.es\/wp-content\/uploads\/2021\/08\/logo_msb21.png\" \/>\n\t<meta property=\"og:image:width\" content=\"300\" \/>\n\t<meta property=\"og:image:height\" content=\"300\" \/>\n\t<meta property=\"og:image:type\" content=\"image\/png\" \/>\n<meta name=\"twitter:card\" content=\"summary_large_image\" \/>\n<meta name=\"twitter:label1\" content=\"Tiempo de lectura\" \/>\n\t<meta name=\"twitter:data1\" content=\"1 minuto\" \/>\n<script type=\"application\/ld+json\" class=\"yoast-schema-graph\">{\"@context\":\"https:\\\/\\\/schema.org\",\"@graph\":[{\"@type\":\"WebPage\",\"@id\":\"https:\\\/\\\/www.msbdistribution.es\\\/?page_id=352\",\"url\":\"https:\\\/\\\/www.msbdistribution.es\\\/?page_id=352\",\"name\":\"M\u00e9todos de pago, env\u00edos y devoluciones |\",\"isPartOf\":{\"@id\":\"https:\\\/\\\/www.msbdistribution.es\\\/#website\"},\"datePublished\":\"2019-09-17T15:40:00+00:00\",\"dateModified\":\"2026-03-03T08:39:06+00:00\",\"breadcrumb\":{\"@id\":\"https:\\\/\\\/www.msbdistribution.es\\\/?page_id=352#breadcrumb\"},\"inLanguage\":\"es\",\"potentialAction\":[{\"@type\":\"ReadAction\",\"target\":[\"https:\\\/\\\/www.msbdistribution.es\\\/?page_id=352\"]}]},{\"@type\":\"BreadcrumbList\",\"@id\":\"https:\\\/\\\/www.msbdistribution.es\\\/?page_id=352#breadcrumb\",\"itemListElement\":[{\"@type\":\"ListItem\",\"position\":1,\"name\":\"Portada\",\"item\":\"https:\\\/\\\/www.msbdistribution.es\\\/\"},{\"@type\":\"ListItem\",\"position\":2,\"name\":\"M\u00e9todos de pago, env\u00edos y devoluciones\"}]},{\"@type\":\"WebSite\",\"@id\":\"https:\\\/\\\/www.msbdistribution.es\\\/#website\",\"url\":\"https:\\\/\\\/www.msbdistribution.es\\\/\",\"name\":\"Msb Distribution\",\"description\":\"we are skaters\",\"publisher\":{\"@id\":\"https:\\\/\\\/www.msbdistribution.es\\\/#organization\"},\"potentialAction\":[{\"@type\":\"SearchAction\",\"target\":{\"@type\":\"EntryPoint\",\"urlTemplate\":\"https:\\\/\\\/www.msbdistribution.es\\\/?s={search_term_string}\"},\"query-input\":{\"@type\":\"PropertyValueSpecification\",\"valueRequired\":true,\"valueName\":\"search_term_string\"}}],\"inLanguage\":\"es\"},{\"@type\":\"Organization\",\"@id\":\"https:\\\/\\\/www.msbdistribution.es\\\/#organization\",\"name\":\"Msb Distribution\",\"alternateName\":\"Msb Distribution\",\"url\":\"https:\\\/\\\/www.msbdistribution.es\\\/\",\"logo\":{\"@type\":\"ImageObject\",\"inLanguage\":\"es\",\"@id\":\"https:\\\/\\\/www.msbdistribution.es\\\/#\\\/schema\\\/logo\\\/image\\\/\",\"url\":\"https:\\\/\\\/www.msbdistribution.es\\\/wp-content\\\/uploads\\\/2021\\\/11\\\/NEW-LOGO-MSB-RGB.png\",\"contentUrl\":\"https:\\\/\\\/www.msbdistribution.es\\\/wp-content\\\/uploads\\\/2021\\\/11\\\/NEW-LOGO-MSB-RGB.png\",\"width\":2024,\"height\":2024,\"caption\":\"Msb Distribution\"},\"image\":{\"@id\":\"https:\\\/\\\/www.msbdistribution.es\\\/#\\\/schema\\\/logo\\\/image\\\/\"},\"sameAs\":[\"https:\\\/\\\/www.facebook.com\\\/msbdist\",\"https:\\\/\\\/www.instagram.com\\\/msbdistribution\\\/\"]}]}<\/script>\n<!-- \/ Yoast SEO plugin. -->","yoast_head_json":{"title":"M\u00e9todos de pago, env\u00edos y devoluciones |","robots":{"index":"index","follow":"follow","max-snippet":"max-snippet:-1","max-image-preview":"max-image-preview:large","max-video-preview":"max-video-preview:-1"},"canonical":"https:\/\/www.msbdistribution.es\/?page_id=352","og_locale":"es_ES","og_type":"article","og_title":"M\u00e9todos de pago, env\u00edos y devoluciones |","og_description":"M\u00e9todos de pago: Tarjeta de cr\u00e9dito. Con tu cuenta paypal. A trav\u00e9s de transferencia bancaria. Env\u00edos:Una vez recibido el pago, tu pedido ser\u00e1 enviado en un plazo m\u00e1ximo de 3 d\u00edas. El tiempo estimado de entrega es de 2 d\u00edas. Devoluciones:No se aceptan devoluciones, excepto:Si el producto ha sido pagado mediante cualquier m\u00e9todo de pago ... Leer m\u00e1s","og_url":"https:\/\/www.msbdistribution.es\/?page_id=352","og_site_name":"MSB DISTRIBUTION","article_publisher":"https:\/\/www.facebook.com\/msbdist","article_modified_time":"2026-03-03T08:39:06+00:00","og_image":[{"width":300,"height":300,"url":"https:\/\/www.msbdistribution.es\/wp-content\/uploads\/2021\/08\/logo_msb21.png","type":"image\/png"}],"twitter_card":"summary_large_image","twitter_misc":{"Tiempo de lectura":"1 minuto"},"schema":{"@context":"https:\/\/schema.org","@graph":[{"@type":"WebPage","@id":"https:\/\/www.msbdistribution.es\/?page_id=352","url":"https:\/\/www.msbdistribution.es\/?page_id=352","name":"M\u00e9todos de pago, env\u00edos y devoluciones |","isPartOf":{"@id":"https:\/\/www.msbdistribution.es\/#website"},"datePublished":"2019-09-17T15:40:00+00:00","dateModified":"2026-03-03T08:39:06+00:00","breadcrumb":{"@id":"https:\/\/www.msbdistribution.es\/?page_id=352#breadcrumb"},"inLanguage":"es","potentialAction":[{"@type":"ReadAction","target":["https:\/\/www.msbdistribution.es\/?page_id=352"]}]},{"@type":"BreadcrumbList","@id":"https:\/\/www.msbdistribution.es\/?page_id=352#breadcrumb","itemListElement":[{"@type":"ListItem","position":1,"name":"Portada","item":"https:\/\/www.msbdistribution.es\/"},{"@type":"ListItem","position":2,"name":"M\u00e9todos de pago, env\u00edos y devoluciones"}]},{"@type":"WebSite","@id":"https:\/\/www.msbdistribution.es\/#website","url":"https:\/\/www.msbdistribution.es\/","name":"Msb Distribution","description":"we are skaters","publisher":{"@id":"https:\/\/www.msbdistribution.es\/#organization"},"potentialAction":[{"@type":"SearchAction","target":{"@type":"EntryPoint","urlTemplate":"https:\/\/www.msbdistribution.es\/?s={search_term_string}"},"query-input":{"@type":"PropertyValueSpecification","valueRequired":true,"valueName":"search_term_string"}}],"inLanguage":"es"},{"@type":"Organization","@id":"https:\/\/www.msbdistribution.es\/#organization","name":"Msb Distribution","alternateName":"Msb Distribution","url":"https:\/\/www.msbdistribution.es\/","logo":{"@type":"ImageObject","inLanguage":"es","@id":"https:\/\/www.msbdistribution.es\/#\/schema\/logo\/image\/","url":"https:\/\/www.msbdistribution.es\/wp-content\/uploads\/2021\/11\/NEW-LOGO-MSB-RGB.png","contentUrl":"https:\/\/www.msbdistribution.es\/wp-content\/uploads\/2021\/11\/NEW-LOGO-MSB-RGB.png","width":2024,"height":2024,"caption":"Msb Distribution"},"image":{"@id":"https:\/\/www.msbdistribution.es\/#\/schema\/logo\/image\/"},"sameAs":["https:\/\/www.facebook.com\/msbdist","https:\/\/www.instagram.com\/msbdistribution\/"]}]}},"_links":{"self":[{"href":"https:\/\/www.msbdistribution.es\/index.php?rest_route=\/wp\/v2\/pages\/352","targetHints":{"allow":["GET"]}}],"collection":[{"href":"https:\/\/www.msbdistribution.es\/index.php?rest_route=\/wp\/v2\/pages"}],"about":[{"href":"https:\/\/www.msbdistribution.es\/index.php?rest_route=\/wp\/v2\/types\/page"}],"author":[{"embeddable":true,"href":"https:\/\/www.msbdistribution.es\/index.php?rest_route=\/wp\/v2\/users\/3"}],"replies":[{"embeddable":true,"href":"https:\/\/www.msbdistribution.es\/index.php?rest_route=%2Fwp%2Fv2%2Fcomments&post=352"}],"version-history":[{"count":18,"href":"https:\/\/www.msbdistribution.es\/index.php?rest_route=\/wp\/v2\/pages\/352\/revisions"}],"predecessor-version":[{"id":6396,"href":"https:\/\/www.msbdistribution.es\/index.php?rest_route=\/wp\/v2\/pages\/352\/revisions\/6396"}],"wp:attachment":[{"href":"https:\/\/www.msbdistribution.es\/index.php?rest_route=%2Fwp%2Fv2%2Fmedia&parent=352"}],"curies":[{"name":"wp","href":"https:\/\/api.w.org\/{rel}","templated":true}]}}