{"id":31,"date":"2019-07-16T17:59:04","date_gmt":"2019-07-16T15:59:04","guid":{"rendered":"https:\/\/control-bcn.com\/?page_id=31"},"modified":"2025-03-13T23:37:41","modified_gmt":"2025-03-13T22:37:41","slug":"nosotros","status":"publish","type":"page","link":"https:\/\/www.msbdistribution.es\/?page_id=31","title":{"rendered":"Nosotros"},"content":{"rendered":"\t\t<div data-elementor-type=\"wp-page\" data-elementor-id=\"31\" class=\"elementor elementor-31\" data-elementor-post-type=\"page\">\n\t\t\t\t\t\t<section class=\"elementor-section elementor-top-section elementor-element elementor-element-6f07e11 elementor-section-stretched elementor-section-full_width elementor-section-height-default elementor-section-height-default\" data-id=\"6f07e11\" data-element_type=\"section\" data-e-type=\"section\" data-settings=\"{&quot;stretch_section&quot;:&quot;section-stretched&quot;}\">\n\t\t\t\t\t\t<div class=\"elementor-container elementor-column-gap-no\">\n\t\t\t\t\t<div class=\"elementor-column elementor-col-100 elementor-top-column elementor-element elementor-element-d95d6ed\" data-id=\"d95d6ed\" data-element_type=\"column\" data-e-type=\"column\">\n\t\t\t<div class=\"elementor-widget-wrap elementor-element-populated\">\n\t\t\t\t\t\t<div class=\"elementor-element elementor-element-bfb53c1 elementor-arrows-position-inside elementor-widget elementor-widget-image-carousel\" data-id=\"bfb53c1\" data-element_type=\"widget\" data-e-type=\"widget\" data-settings=\"{&quot;navigation&quot;:&quot;arrows&quot;,&quot;image_spacing_custom&quot;:{&quot;unit&quot;:&quot;px&quot;,&quot;size&quot;:1,&quot;sizes&quot;:[]},&quot;autoplay&quot;:&quot;yes&quot;,&quot;pause_on_hover&quot;:&quot;yes&quot;,&quot;pause_on_interaction&quot;:&quot;yes&quot;,&quot;autoplay_speed&quot;:5000,&quot;infinite&quot;:&quot;yes&quot;,&quot;speed&quot;:500,&quot;image_spacing_custom_tablet&quot;:{&quot;unit&quot;:&quot;px&quot;,&quot;size&quot;:&quot;&quot;,&quot;sizes&quot;:[]},&quot;image_spacing_custom_mobile&quot;:{&quot;unit&quot;:&quot;px&quot;,&quot;size&quot;:&quot;&quot;,&quot;sizes&quot;:[]}}\" data-widget_type=\"image-carousel.default\">\n\t\t\t\t\t\t\t<div class=\"elementor-image-carousel-wrapper swiper\" role=\"region\" aria-roledescription=\"carousel\" aria-label=\"Carrusel de im\u00e1genes\" dir=\"ltr\">\n\t\t\t<div class=\"elementor-image-carousel swiper-wrapper\" aria-live=\"off\">\n\t\t\t\t\t\t\t\t<div class=\"swiper-slide\" role=\"group\" aria-roledescription=\"slide\" aria-label=\"1 de 8\"><figure class=\"swiper-slide-inner\"><img decoding=\"async\" class=\"swiper-slide-image\" src=\"https:\/\/control-bcn.com\/wp-content\/uploads\/2019\/09\/us_controlbcn01.jpg\" alt=\"\" \/><\/figure><\/div><div class=\"swiper-slide\" role=\"group\" aria-roledescription=\"slide\" aria-label=\"2 de 8\"><figure class=\"swiper-slide-inner\"><img decoding=\"async\" class=\"swiper-slide-image\" src=\"https:\/\/control-bcn.com\/wp-content\/uploads\/2019\/09\/us_controlbcn03.jpg\" alt=\"\" \/><\/figure><\/div><div class=\"swiper-slide\" role=\"group\" aria-roledescription=\"slide\" aria-label=\"3 de 8\"><figure class=\"swiper-slide-inner\"><img decoding=\"async\" class=\"swiper-slide-image\" src=\"https:\/\/control-bcn.com\/wp-content\/uploads\/2019\/09\/us_controlbcn04.jpg\" alt=\"\" \/><\/figure><\/div><div class=\"swiper-slide\" role=\"group\" aria-roledescription=\"slide\" aria-label=\"4 de 8\"><figure class=\"swiper-slide-inner\"><img decoding=\"async\" class=\"swiper-slide-image\" src=\"https:\/\/control-bcn.com\/wp-content\/uploads\/2019\/09\/us_controlbcn05.jpg\" alt=\"\" \/><\/figure><\/div><div class=\"swiper-slide\" role=\"group\" aria-roledescription=\"slide\" aria-label=\"5 de 8\"><figure class=\"swiper-slide-inner\"><img decoding=\"async\" class=\"swiper-slide-image\" src=\"https:\/\/control-bcn.com\/wp-content\/uploads\/2019\/09\/us_controlbcn07.jpg\" alt=\"\" \/><\/figure><\/div><div class=\"swiper-slide\" role=\"group\" aria-roledescription=\"slide\" aria-label=\"6 de 8\"><figure class=\"swiper-slide-inner\"><img decoding=\"async\" class=\"swiper-slide-image\" src=\"https:\/\/control-bcn.com\/wp-content\/uploads\/2019\/09\/us_controlbcn06.jpg\" alt=\"\" \/><\/figure><\/div><div class=\"swiper-slide\" role=\"group\" aria-roledescription=\"slide\" aria-label=\"7 de 8\"><figure class=\"swiper-slide-inner\"><img decoding=\"async\" class=\"swiper-slide-image\" src=\"https:\/\/control-bcn.com\/wp-content\/uploads\/2019\/09\/us_controlbcn08.jpg\" alt=\"\" \/><\/figure><\/div><div class=\"swiper-slide\" role=\"group\" aria-roledescription=\"slide\" aria-label=\"8 de 8\"><figure class=\"swiper-slide-inner\"><img decoding=\"async\" class=\"swiper-slide-image\" src=\"https:\/\/control-bcn.com\/wp-content\/uploads\/2019\/09\/us_controlbcn02.jpg\" alt=\"\" \/><\/figure><\/div>\t\t\t<\/div>\n\t\t\t\t\t\t\t\t\t\t\t\t<div class=\"elementor-swiper-button elementor-swiper-button-prev\" role=\"button\" tabindex=\"0\">\n\t\t\t\t\t\t<i aria-hidden=\"true\" class=\"eicon-chevron-left\"><\/i>\t\t\t\t\t<\/div>\n\t\t\t\t\t<div class=\"elementor-swiper-button elementor-swiper-button-next\" role=\"button\" tabindex=\"0\">\n\t\t\t\t\t\t<i aria-hidden=\"true\" class=\"eicon-chevron-right\"><\/i>\t\t\t\t\t<\/div>\n\t\t\t\t\n\t\t\t\t\t\t\t\t\t<\/div>\n\t\t\t\t\t\t<\/div>\n\t\t\t\t\t<\/div>\n\t\t<\/div>\n\t\t\t\t\t<\/div>\n\t\t<\/section>\n\t\t\t\t<section class=\"elementor-section elementor-top-section elementor-element elementor-element-f980329 elementor-section-boxed elementor-section-height-default elementor-section-height-default\" data-id=\"f980329\" data-element_type=\"section\" data-e-type=\"section\">\n\t\t\t\t\t\t<div class=\"elementor-container elementor-column-gap-default\">\n\t\t\t\t\t<div class=\"elementor-column elementor-col-100 elementor-top-column elementor-element elementor-element-a8b0f1f\" data-id=\"a8b0f1f\" data-element_type=\"column\" data-e-type=\"column\">\n\t\t\t<div class=\"elementor-widget-wrap elementor-element-populated\">\n\t\t\t\t\t\t<div class=\"elementor-element elementor-element-953ecd8 elementor-widget elementor-widget-heading\" data-id=\"953ecd8\" data-element_type=\"widget\" data-e-type=\"widget\" data-widget_type=\"heading.default\">\n\t\t\t\t\t<h2 class=\"elementor-heading-title elementor-size-default\">\u00bfQui\u00e9nes somos MSB Distribution?<\/h2>\t\t\t\t<\/div>\n\t\t\t\t\t<\/div>\n\t\t<\/div>\n\t\t\t\t\t<\/div>\n\t\t<\/section>\n\t\t\t\t<section class=\"elementor-section elementor-top-section elementor-element elementor-element-67e11da elementor-section-boxed elementor-section-height-default elementor-section-height-default\" data-id=\"67e11da\" data-element_type=\"section\" data-e-type=\"section\">\n\t\t\t\t\t\t<div class=\"elementor-container elementor-column-gap-default\">\n\t\t\t\t\t<div class=\"elementor-column elementor-col-100 elementor-top-column elementor-element elementor-element-d1e90c7\" data-id=\"d1e90c7\" data-element_type=\"column\" data-e-type=\"column\">\n\t\t\t<div class=\"elementor-widget-wrap elementor-element-populated\">\n\t\t\t\t\t\t<div class=\"elementor-element elementor-element-c4e6310 animated-slow elementor-invisible elementor-widget elementor-widget-image\" data-id=\"c4e6310\" data-element_type=\"widget\" data-e-type=\"widget\" data-settings=\"{&quot;_animation&quot;:&quot;rollIn&quot;}\" data-widget_type=\"image.default\">\n\t\t\t\t\t\t\t\t\t\t\t\t\t\t\t<img decoding=\"async\" src=\"https:\/\/www.msbdistribution.es\/wp-content\/uploads\/elementor\/thumbs\/28-1-r2mojmgpr2t7sgwvfi5h04k4mt33e2qcbagjejd4fg.jpg\" title=\"28 (1)\" alt=\"28 (1)\" loading=\"lazy\" \/>\t\t\t\t\t\t\t\t\t\t\t\t\t\t\t<\/div>\n\t\t\t\t\t<\/div>\n\t\t<\/div>\n\t\t\t\t\t<\/div>\n\t\t<\/section>\n\t\t\t\t<section class=\"elementor-section elementor-top-section elementor-element elementor-element-1e2493a elementor-section-boxed elementor-section-height-default elementor-section-height-default\" data-id=\"1e2493a\" data-element_type=\"section\" data-e-type=\"section\">\n\t\t\t\t\t\t<div class=\"elementor-container elementor-column-gap-default\">\n\t\t\t\t\t<div class=\"elementor-column elementor-col-100 elementor-top-column elementor-element elementor-element-d360f00\" data-id=\"d360f00\" data-element_type=\"column\" data-e-type=\"column\">\n\t\t\t<div class=\"elementor-widget-wrap elementor-element-populated\">\n\t\t\t\t\t\t<div class=\"elementor-element elementor-element-47fc56f elementor-widget elementor-widget-text-editor\" data-id=\"47fc56f\" data-element_type=\"widget\" data-e-type=\"widget\" data-widget_type=\"text-editor.default\">\n\t\t\t\t\t\t\t\t\t<p><strong>Historia y Fundaci\u00f3n<\/strong><\/p><p><strong>Msb Distribution <\/strong>es una empresa que ha dejado una marca significativa en el sector del skateboarding desde su creaci\u00f3n en 2010. Fundada por Samu y Uri, esta compa\u00f1\u00eda comenz\u00f3 su traves\u00eda en el mundo del skate con la fabricaci\u00f3n de tablas, lo que les proporcion\u00f3 una valiosa experiencia en el camino.<\/p><p><strong>Adaptaci\u00f3n y Evoluci\u00f3n<\/strong><\/p><p>Desde sus inicios, Msb ha experimentado numerosos cambios, adapt\u00e1ndose constantemente a las necesidades y tendencias del sector del skateboarding. Esta capacidad de adaptaci\u00f3n ha sido clave para su \u00e9xito y crecimiento continuo en un mercado competitivo.<\/p><p><strong>Enfoque en customizaci\u00f3n<\/strong><\/p><p>La especializaci\u00f3n de Msb Distribution se centra en la<strong> personalizaci\u00f3n de tablas de skateboarding<\/strong>. La empresa ofrece tablas de skate \u00abmade in M\u00e9xico\u00bb, permitiendo a otras compa\u00f1\u00edas del sector personalizar sus productos con alta calidad y precisi\u00f3n. Este enfoque no solo fortalece su posici\u00f3n en el mercado, sino que tambi\u00e9n fomenta la creatividad y la innovaci\u00f3n entre sus clientes.<\/p><p><strong>Instalaciones y Servicio<\/strong><\/p><p>Las instalaciones de Msb est\u00e1n dise\u00f1adas para ofrecer un servicio r\u00e1pido y eficaz. La eficiencia en la cadena de suministro y la atenci\u00f3n al cliente son pilares fundamentales que aseguran una experiencia satisfactoria para todos sus socios comerciales.<\/p><p><strong>Calidad como Referente<\/strong><\/p><p>La <strong>calidad <\/strong>del producto final ha posicionado a Msb Distribution como un referente a nivel estatal. La empresa se enorgullece de ofrecer productos que cumplen con los m\u00e1s altos est\u00e1ndares, lo que se traduce en durabilidad y rendimiento excepcionales para los amantes del skate.<\/p><p><strong>Nuestra Pasi\u00f3n por el Skate<\/strong><\/p><p>No solo somos una empresa, tambi\u00e9n <strong>somos skaters<\/strong>. Nos identificamos con la cultura \u00abold school\u00bb, disfrutando de cada grind sobre cooping de piedra como si fuera el primer d\u00eda. Nuestra experiencia en el mundo del skate nos permite entender y compartir la pasi\u00f3n de nuestros clientes.<\/p><p><strong>Nuestra Filosof\u00eda<\/strong><\/p><p>Creemos que el skateboarding es m\u00e1s que un deporte; es un estilo de vida. Por eso, animamos a todos a salir a la calle, a <strong>patinar <\/strong>y disfrutar cada momento. Al final del d\u00eda, de eso trata todo esto: divertirse y vivir al m\u00e1ximo la experiencia del skate.<\/p><p>En resumen, somos m\u00e1s que una empresa de skateboarding; somos un s\u00edmbolo de dedicaci\u00f3n, calidad y evoluci\u00f3n constante en un mundo en movimiento.<\/p><p>\u00a1\u00danete a nosotros en Msb Distribution y forma parte de una comunidad que comparte tu pasi\u00f3n y amor por el skateboarding!<\/p>\t\t\t\t\t\t\t\t<\/div>\n\t\t\t\t\t<\/div>\n\t\t<\/div>\n\t\t\t\t\t<\/div>\n\t\t<\/section>\n\t\t\t\t<\/div>\n\t\t","protected":false},"excerpt":{"rendered":"<p>\u00bfQui\u00e9nes somos MSB Distribution? Historia y Fundaci\u00f3n Msb Distribution es una empresa que ha dejado una marca significativa en el sector del skateboarding desde su creaci\u00f3n en 2010. Fundada por Samu y Uri, esta compa\u00f1\u00eda comenz\u00f3 su traves\u00eda en el mundo del skate con la fabricaci\u00f3n de tablas, lo que les proporcion\u00f3 una valiosa experiencia &#8230; <a title=\"Nosotros\" class=\"read-more\" href=\"https:\/\/www.msbdistribution.es\/?page_id=31\" aria-label=\"Leer m\u00e1s sobre Nosotros\">Leer m\u00e1s<\/a><\/p>\n","protected":false},"author":3,"featured_media":0,"parent":0,"menu_order":0,"comment_status":"closed","ping_status":"closed","template":"","meta":{"footnotes":""},"class_list":["post-31","page","type-page","status-publish"],"yoast_head":"<!-- This site is optimized with the Yoast SEO plugin v27.4 - https:\/\/yoast.com\/product\/yoast-seo-wordpress\/ -->\n<title>Sobre Nosotros<\/title>\n<meta name=\"description\" content=\"Creemos que el skateboarding es m\u00e1s que un deporte, por eso, animamos a todos a salir a la calle, a patinar y a disfrutar cada momento.\" \/>\n<meta name=\"robots\" content=\"index, follow, max-snippet:-1, max-image-preview:large, max-video-preview:-1\" \/>\n<link rel=\"canonical\" href=\"https:\/\/www.msbdistribution.es\/?page_id=31\" \/>\n<meta property=\"og:locale\" content=\"es_ES\" \/>\n<meta property=\"og:type\" content=\"article\" \/>\n<meta property=\"og:title\" content=\"Sobre Nosotros\" \/>\n<meta property=\"og:description\" content=\"Creemos que el skateboarding es m\u00e1s que un deporte, por eso, animamos a todos a salir a la calle, a patinar y a disfrutar cada momento.\" \/>\n<meta property=\"og:url\" content=\"https:\/\/www.msbdistribution.es\/?page_id=31\" \/>\n<meta property=\"og:site_name\" content=\"MSB DISTRIBUTION\" \/>\n<meta property=\"article:publisher\" content=\"https:\/\/www.facebook.com\/msbdist\" \/>\n<meta property=\"article:modified_time\" content=\"2025-03-13T22:37:41+00:00\" \/>\n<meta property=\"og:image\" content=\"https:\/\/control-bcn.com\/wp-content\/uploads\/2019\/09\/us_controlbcn01.jpg\" \/>\n<meta name=\"twitter:card\" content=\"summary_large_image\" \/>\n<meta name=\"twitter:label1\" content=\"Tiempo de lectura\" \/>\n\t<meta name=\"twitter:data1\" content=\"5 minutos\" \/>\n<script type=\"application\/ld+json\" class=\"yoast-schema-graph\">{\"@context\":\"https:\\\/\\\/schema.org\",\"@graph\":[{\"@type\":\"WebPage\",\"@id\":\"https:\\\/\\\/www.msbdistribution.es\\\/?page_id=31\",\"url\":\"https:\\\/\\\/www.msbdistribution.es\\\/?page_id=31\",\"name\":\"Sobre Nosotros\",\"isPartOf\":{\"@id\":\"https:\\\/\\\/www.msbdistribution.es\\\/#website\"},\"primaryImageOfPage\":{\"@id\":\"https:\\\/\\\/www.msbdistribution.es\\\/?page_id=31#primaryimage\"},\"image\":{\"@id\":\"https:\\\/\\\/www.msbdistribution.es\\\/?page_id=31#primaryimage\"},\"thumbnailUrl\":\"https:\\\/\\\/control-bcn.com\\\/wp-content\\\/uploads\\\/2019\\\/09\\\/us_controlbcn01.jpg\",\"datePublished\":\"2019-07-16T15:59:04+00:00\",\"dateModified\":\"2025-03-13T22:37:41+00:00\",\"description\":\"Creemos que el skateboarding es m\u00e1s que un deporte, por eso, animamos a todos a salir a la calle, a patinar y a disfrutar cada momento.\",\"breadcrumb\":{\"@id\":\"https:\\\/\\\/www.msbdistribution.es\\\/?page_id=31#breadcrumb\"},\"inLanguage\":\"es\",\"potentialAction\":[{\"@type\":\"ReadAction\",\"target\":[\"https:\\\/\\\/www.msbdistribution.es\\\/?page_id=31\"]}]},{\"@type\":\"ImageObject\",\"inLanguage\":\"es\",\"@id\":\"https:\\\/\\\/www.msbdistribution.es\\\/?page_id=31#primaryimage\",\"url\":\"https:\\\/\\\/control-bcn.com\\\/wp-content\\\/uploads\\\/2019\\\/09\\\/us_controlbcn01.jpg\",\"contentUrl\":\"https:\\\/\\\/control-bcn.com\\\/wp-content\\\/uploads\\\/2019\\\/09\\\/us_controlbcn01.jpg\"},{\"@type\":\"BreadcrumbList\",\"@id\":\"https:\\\/\\\/www.msbdistribution.es\\\/?page_id=31#breadcrumb\",\"itemListElement\":[{\"@type\":\"ListItem\",\"position\":1,\"name\":\"Portada\",\"item\":\"https:\\\/\\\/www.msbdistribution.es\\\/\"},{\"@type\":\"ListItem\",\"position\":2,\"name\":\"Nosotros\"}]},{\"@type\":\"WebSite\",\"@id\":\"https:\\\/\\\/www.msbdistribution.es\\\/#website\",\"url\":\"https:\\\/\\\/www.msbdistribution.es\\\/\",\"name\":\"Msb Distribution\",\"description\":\"we are skaters\",\"publisher\":{\"@id\":\"https:\\\/\\\/www.msbdistribution.es\\\/#organization\"},\"potentialAction\":[{\"@type\":\"SearchAction\",\"target\":{\"@type\":\"EntryPoint\",\"urlTemplate\":\"https:\\\/\\\/www.msbdistribution.es\\\/?s={search_term_string}\"},\"query-input\":{\"@type\":\"PropertyValueSpecification\",\"valueRequired\":true,\"valueName\":\"search_term_string\"}}],\"inLanguage\":\"es\"},{\"@type\":\"Organization\",\"@id\":\"https:\\\/\\\/www.msbdistribution.es\\\/#organization\",\"name\":\"Msb Distribution\",\"alternateName\":\"Msb Distribution\",\"url\":\"https:\\\/\\\/www.msbdistribution.es\\\/\",\"logo\":{\"@type\":\"ImageObject\",\"inLanguage\":\"es\",\"@id\":\"https:\\\/\\\/www.msbdistribution.es\\\/#\\\/schema\\\/logo\\\/image\\\/\",\"url\":\"https:\\\/\\\/www.msbdistribution.es\\\/wp-content\\\/uploads\\\/2021\\\/11\\\/NEW-LOGO-MSB-RGB.png\",\"contentUrl\":\"https:\\\/\\\/www.msbdistribution.es\\\/wp-content\\\/uploads\\\/2021\\\/11\\\/NEW-LOGO-MSB-RGB.png\",\"width\":2024,\"height\":2024,\"caption\":\"Msb Distribution\"},\"image\":{\"@id\":\"https:\\\/\\\/www.msbdistribution.es\\\/#\\\/schema\\\/logo\\\/image\\\/\"},\"sameAs\":[\"https:\\\/\\\/www.facebook.com\\\/msbdist\",\"https:\\\/\\\/www.instagram.com\\\/msbdistribution\\\/\"]}]}<\/script>\n<!-- \/ Yoast SEO plugin. -->","yoast_head_json":{"title":"Sobre Nosotros","description":"Creemos que el skateboarding es m\u00e1s que un deporte, por eso, animamos a todos a salir a la calle, a patinar y a disfrutar cada momento.","robots":{"index":"index","follow":"follow","max-snippet":"max-snippet:-1","max-image-preview":"max-image-preview:large","max-video-preview":"max-video-preview:-1"},"canonical":"https:\/\/www.msbdistribution.es\/?page_id=31","og_locale":"es_ES","og_type":"article","og_title":"Sobre Nosotros","og_description":"Creemos que el skateboarding es m\u00e1s que un deporte, por eso, animamos a todos a salir a la calle, a patinar y a disfrutar cada momento.","og_url":"https:\/\/www.msbdistribution.es\/?page_id=31","og_site_name":"MSB DISTRIBUTION","article_publisher":"https:\/\/www.facebook.com\/msbdist","article_modified_time":"2025-03-13T22:37:41+00:00","og_image":[{"url":"https:\/\/control-bcn.com\/wp-content\/uploads\/2019\/09\/us_controlbcn01.jpg","type":"","width":"","height":""}],"twitter_card":"summary_large_image","twitter_misc":{"Tiempo de lectura":"5 minutos"},"schema":{"@context":"https:\/\/schema.org","@graph":[{"@type":"WebPage","@id":"https:\/\/www.msbdistribution.es\/?page_id=31","url":"https:\/\/www.msbdistribution.es\/?page_id=31","name":"Sobre Nosotros","isPartOf":{"@id":"https:\/\/www.msbdistribution.es\/#website"},"primaryImageOfPage":{"@id":"https:\/\/www.msbdistribution.es\/?page_id=31#primaryimage"},"image":{"@id":"https:\/\/www.msbdistribution.es\/?page_id=31#primaryimage"},"thumbnailUrl":"https:\/\/control-bcn.com\/wp-content\/uploads\/2019\/09\/us_controlbcn01.jpg","datePublished":"2019-07-16T15:59:04+00:00","dateModified":"2025-03-13T22:37:41+00:00","description":"Creemos que el skateboarding es m\u00e1s que un deporte, por eso, animamos a todos a salir a la calle, a patinar y a disfrutar cada momento.","breadcrumb":{"@id":"https:\/\/www.msbdistribution.es\/?page_id=31#breadcrumb"},"inLanguage":"es","potentialAction":[{"@type":"ReadAction","target":["https:\/\/www.msbdistribution.es\/?page_id=31"]}]},{"@type":"ImageObject","inLanguage":"es","@id":"https:\/\/www.msbdistribution.es\/?page_id=31#primaryimage","url":"https:\/\/control-bcn.com\/wp-content\/uploads\/2019\/09\/us_controlbcn01.jpg","contentUrl":"https:\/\/control-bcn.com\/wp-content\/uploads\/2019\/09\/us_controlbcn01.jpg"},{"@type":"BreadcrumbList","@id":"https:\/\/www.msbdistribution.es\/?page_id=31#breadcrumb","itemListElement":[{"@type":"ListItem","position":1,"name":"Portada","item":"https:\/\/www.msbdistribution.es\/"},{"@type":"ListItem","position":2,"name":"Nosotros"}]},{"@type":"WebSite","@id":"https:\/\/www.msbdistribution.es\/#website","url":"https:\/\/www.msbdistribution.es\/","name":"Msb Distribution","description":"we are skaters","publisher":{"@id":"https:\/\/www.msbdistribution.es\/#organization"},"potentialAction":[{"@type":"SearchAction","target":{"@type":"EntryPoint","urlTemplate":"https:\/\/www.msbdistribution.es\/?s={search_term_string}"},"query-input":{"@type":"PropertyValueSpecification","valueRequired":true,"valueName":"search_term_string"}}],"inLanguage":"es"},{"@type":"Organization","@id":"https:\/\/www.msbdistribution.es\/#organization","name":"Msb Distribution","alternateName":"Msb Distribution","url":"https:\/\/www.msbdistribution.es\/","logo":{"@type":"ImageObject","inLanguage":"es","@id":"https:\/\/www.msbdistribution.es\/#\/schema\/logo\/image\/","url":"https:\/\/www.msbdistribution.es\/wp-content\/uploads\/2021\/11\/NEW-LOGO-MSB-RGB.png","contentUrl":"https:\/\/www.msbdistribution.es\/wp-content\/uploads\/2021\/11\/NEW-LOGO-MSB-RGB.png","width":2024,"height":2024,"caption":"Msb Distribution"},"image":{"@id":"https:\/\/www.msbdistribution.es\/#\/schema\/logo\/image\/"},"sameAs":["https:\/\/www.facebook.com\/msbdist","https:\/\/www.instagram.com\/msbdistribution\/"]}]}},"_links":{"self":[{"href":"https:\/\/www.msbdistribution.es\/index.php?rest_route=\/wp\/v2\/pages\/31","targetHints":{"allow":["GET"]}}],"collection":[{"href":"https:\/\/www.msbdistribution.es\/index.php?rest_route=\/wp\/v2\/pages"}],"about":[{"href":"https:\/\/www.msbdistribution.es\/index.php?rest_route=\/wp\/v2\/types\/page"}],"author":[{"embeddable":true,"href":"https:\/\/www.msbdistribution.es\/index.php?rest_route=\/wp\/v2\/users\/3"}],"replies":[{"embeddable":true,"href":"https:\/\/www.msbdistribution.es\/index.php?rest_route=%2Fwp%2Fv2%2Fcomments&post=31"}],"version-history":[{"count":79,"href":"https:\/\/www.msbdistribution.es\/index.php?rest_route=\/wp\/v2\/pages\/31\/revisions"}],"predecessor-version":[{"id":5653,"href":"https:\/\/www.msbdistribution.es\/index.php?rest_route=\/wp\/v2\/pages\/31\/revisions\/5653"}],"wp:attachment":[{"href":"https:\/\/www.msbdistribution.es\/index.php?rest_route=%2Fwp%2Fv2%2Fmedia&parent=31"}],"curies":[{"name":"wp","href":"https:\/\/api.w.org\/{rel}","templated":true}]}}