{"id":1273,"date":"2020-03-29T18:47:11","date_gmt":"2020-03-29T16:47:11","guid":{"rendered":"https:\/\/control-bcn.com\/?page_id=1273"},"modified":"2025-03-10T09:41:50","modified_gmt":"2025-03-10T08:41:50","slug":"graficos","status":"publish","type":"page","link":"https:\/\/www.msbdistribution.es\/?page_id=1273","title":{"rendered":"Gr\u00e1ficos"},"content":{"rendered":"\t\t<div data-elementor-type=\"wp-page\" data-elementor-id=\"1273\" class=\"elementor elementor-1273\" data-elementor-post-type=\"page\">\n\t\t\t\t\t\t<section class=\"elementor-section elementor-top-section elementor-element elementor-element-788dec8d elementor-section-stretched elementor-section-full_width elementor-section-content-top elementor-section-height-default elementor-section-height-default\" data-id=\"788dec8d\" data-element_type=\"section\" data-e-type=\"section\" data-settings=\"{&quot;stretch_section&quot;:&quot;section-stretched&quot;}\">\n\t\t\t\t\t\t<div class=\"elementor-container elementor-column-gap-no\">\n\t\t\t\t\t<div class=\"elementor-column elementor-col-100 elementor-top-column elementor-element elementor-element-2a6288e\" data-id=\"2a6288e\" data-element_type=\"column\" data-e-type=\"column\">\n\t\t\t<div class=\"elementor-widget-wrap elementor-element-populated\">\n\t\t\t\t\t\t<div class=\"elementor-element elementor-element-470775fd elementor-arrows-position-inside elementor-widget elementor-widget-image-carousel\" data-id=\"470775fd\" data-element_type=\"widget\" data-e-type=\"widget\" data-settings=\"{&quot;navigation&quot;:&quot;arrows&quot;,&quot;image_spacing_custom&quot;:{&quot;unit&quot;:&quot;px&quot;,&quot;size&quot;:1,&quot;sizes&quot;:[]},&quot;autoplay&quot;:&quot;yes&quot;,&quot;pause_on_hover&quot;:&quot;yes&quot;,&quot;pause_on_interaction&quot;:&quot;yes&quot;,&quot;autoplay_speed&quot;:5000,&quot;infinite&quot;:&quot;yes&quot;,&quot;speed&quot;:500,&quot;image_spacing_custom_tablet&quot;:{&quot;unit&quot;:&quot;px&quot;,&quot;size&quot;:&quot;&quot;,&quot;sizes&quot;:[]},&quot;image_spacing_custom_mobile&quot;:{&quot;unit&quot;:&quot;px&quot;,&quot;size&quot;:&quot;&quot;,&quot;sizes&quot;:[]}}\" data-widget_type=\"image-carousel.default\">\n\t\t\t\t\t\t\t<div class=\"elementor-image-carousel-wrapper swiper\" role=\"region\" aria-roledescription=\"carousel\" aria-label=\"Carrusel de im\u00e1genes\" dir=\"ltr\">\n\t\t\t<div class=\"elementor-image-carousel swiper-wrapper\" aria-live=\"off\">\n\t\t\t\t\t\t\t\t<div class=\"swiper-slide\" role=\"group\" aria-roledescription=\"slide\" aria-label=\"1 de 3\"><figure class=\"swiper-slide-inner\"><img decoding=\"async\" class=\"swiper-slide-image\" src=\"https:\/\/www.msbdistribution.es\/wp-content\/uploads\/2023\/05\/Ordinador-2-scaled.jpg\" alt=\"Ordinador\" \/><\/figure><\/div><div class=\"swiper-slide\" role=\"group\" aria-roledescription=\"slide\" aria-label=\"2 de 3\"><figure class=\"swiper-slide-inner\"><img decoding=\"async\" class=\"swiper-slide-image\" src=\"https:\/\/www.msbdistribution.es\/wp-content\/uploads\/2023\/05\/Transfer-scaled.jpg\" alt=\"Transfer\" \/><\/figure><\/div><div class=\"swiper-slide\" role=\"group\" aria-roledescription=\"slide\" aria-label=\"3 de 3\"><figure class=\"swiper-slide-inner\"><img decoding=\"async\" class=\"swiper-slide-image\" src=\"https:\/\/www.msbdistribution.es\/wp-content\/uploads\/2023\/05\/Colocar-scaled.jpg\" alt=\"Colocar\" \/><\/figure><\/div>\t\t\t<\/div>\n\t\t\t\t\t\t\t\t\t\t\t\t<div class=\"elementor-swiper-button elementor-swiper-button-prev\" role=\"button\" tabindex=\"0\">\n\t\t\t\t\t\t<i aria-hidden=\"true\" class=\"eicon-chevron-left\"><\/i>\t\t\t\t\t<\/div>\n\t\t\t\t\t<div class=\"elementor-swiper-button elementor-swiper-button-next\" role=\"button\" tabindex=\"0\">\n\t\t\t\t\t\t<i aria-hidden=\"true\" class=\"eicon-chevron-right\"><\/i>\t\t\t\t\t<\/div>\n\t\t\t\t\n\t\t\t\t\t\t\t\t\t<\/div>\n\t\t\t\t\t\t<\/div>\n\t\t\t\t\t<\/div>\n\t\t<\/div>\n\t\t\t\t\t<\/div>\n\t\t<\/section>\n\t\t\t\t<section class=\"elementor-section elementor-top-section elementor-element elementor-element-7d908d62 elementor-section-boxed elementor-section-height-default elementor-section-height-default\" data-id=\"7d908d62\" data-element_type=\"section\" data-e-type=\"section\">\n\t\t\t\t\t\t<div class=\"elementor-container elementor-column-gap-default\">\n\t\t\t\t\t<div class=\"elementor-column elementor-col-100 elementor-top-column elementor-element elementor-element-21d70a26\" data-id=\"21d70a26\" data-element_type=\"column\" data-e-type=\"column\">\n\t\t\t<div class=\"elementor-widget-wrap elementor-element-populated\">\n\t\t\t\t\t\t<div class=\"elementor-element elementor-element-44902abb elementor-widget elementor-widget-heading\" data-id=\"44902abb\" data-element_type=\"widget\" data-e-type=\"widget\" data-widget_type=\"heading.default\">\n\t\t\t\t\t<h2 class=\"elementor-heading-title elementor-size-default\">Opciones de impresi\u00f3n<\/h2>\t\t\t\t<\/div>\n\t\t\t\t\t<\/div>\n\t\t<\/div>\n\t\t\t\t\t<\/div>\n\t\t<\/section>\n\t\t\t\t<section class=\"elementor-section elementor-top-section elementor-element elementor-element-8ff3454 elementor-section-boxed elementor-section-height-default elementor-section-height-default\" data-id=\"8ff3454\" data-element_type=\"section\" data-e-type=\"section\">\n\t\t\t\t\t\t<div class=\"elementor-container elementor-column-gap-default\">\n\t\t\t\t\t<div class=\"elementor-column elementor-col-100 elementor-top-column elementor-element elementor-element-f51a803\" data-id=\"f51a803\" data-element_type=\"column\" data-e-type=\"column\">\n\t\t\t<div class=\"elementor-widget-wrap\">\n\t\t\t\t\t\t\t<\/div>\n\t\t<\/div>\n\t\t\t\t\t<\/div>\n\t\t<\/section>\n\t\t\t\t<section class=\"elementor-section elementor-top-section elementor-element elementor-element-3723a4c elementor-section-boxed elementor-section-height-default elementor-section-height-default\" data-id=\"3723a4c\" data-element_type=\"section\" data-e-type=\"section\">\n\t\t\t\t\t\t<div class=\"elementor-container elementor-column-gap-default\">\n\t\t\t\t\t<div class=\"elementor-column elementor-col-100 elementor-top-column elementor-element elementor-element-9f50b3c\" data-id=\"9f50b3c\" data-element_type=\"column\" data-e-type=\"column\">\n\t\t\t<div class=\"elementor-widget-wrap elementor-element-populated\">\n\t\t\t\t\t\t<div class=\"elementor-element elementor-element-283cac9 elementor-widget elementor-widget-text-editor\" data-id=\"283cac9\" data-element_type=\"widget\" data-e-type=\"widget\" data-widget_type=\"text-editor.default\">\n\t\t\t\t\t\t\t\t\t<p><strong>Transferencia de Calor en Skateboards<\/strong><\/p><p>La utilizaci\u00f3n de prensas de calor y presi\u00f3n para la estampaci\u00f3n de gr\u00e1ficos en las tablas de skate es una innovaci\u00f3n en la industria que ofrece rapidez y una amplia variedad de opciones en cuanto a colores y tipos de dise\u00f1o. Este m\u00e9todo avanzado utiliza gr\u00e1ficos impresos o serigrafiados en film termotransferible que soporta altas temperaturas, eliminando la necesidad de esperar el secado de cada tinta en el skateboard.<\/p><p><strong>Opciones de Impresi\u00f3n<\/strong><\/p><p>Proporcionamos a nuestros clientes una amplia gama de opciones para personalizar sus tablas de skate:<\/p><ul><li><strong>Colores<\/strong>: Disponemos de toda la carta de colores Pantone, con acabados en brillo o mate.<\/li><\/ul><ul><li><strong>Efectos Especiales<\/strong>: Ofrecemos opciones de estampado en colores plateados, dorados, con relieve, hologr\u00e1ficos y que brillan en la oscuridad.<\/li><\/ul><ul><li><strong>Impresi\u00f3n Digital<\/strong>: La impresi\u00f3n en l\u00e1ser UV es una alternativa moderna que elimina los costos asociados a las pantallas de serigraf\u00eda tradicionales.<\/li><\/ul><p><strong>Reediciones<\/strong><\/p><p><strong>Serigraf\u00eda Tradicional<\/strong><\/p><p>Despu\u00e9s de cada producci\u00f3n, los proveedores conservan las pantallas de serigraf\u00eda durante dos a\u00f1os. Esto significa que las reediciones son m\u00e1s econ\u00f3micas durante este periodo. Pasado este tiempo, si se desea reeditar, es necesario pagar nuevamente los costos de configuraci\u00f3n gr\u00e1fica.<\/p><p><strong>Impresi\u00f3n Digital<\/strong><\/p><p>La impresi\u00f3n en l\u00e1ser UV o digital no conlleva costos de configuraci\u00f3n, ni requiere pantallas de serigraf\u00eda. Por lo tanto, el precio de las reediciones se mantiene constante.<\/p><p><strong>Cantidad M\u00ednima de Producci\u00f3n<\/strong><\/p><ul><li><strong>CMYK o Pantone<\/strong>: La cantidad m\u00ednima es de 50 tablas con el mismo gr\u00e1fico, distribuidas en diferentes medidas y formas (shapes).<\/li><\/ul><ul><li><strong>Impresi\u00f3n UV<\/strong>: La cantidad m\u00ednima de producci\u00f3n es de 20 tablas.<\/li><\/ul><p>Este enfoque flexible y avanzado en la personalizaci\u00f3n de tablas de skate permite a los clientes crear dise\u00f1os \u00fanicos y llamativos, asegurando al mismo tiempo eficiencia y calidad en la producci\u00f3n.<\/p>\t\t\t\t\t\t\t\t<\/div>\n\t\t\t\t\t<\/div>\n\t\t<\/div>\n\t\t\t\t\t<\/div>\n\t\t<\/section>\n\t\t\t\t<section class=\"elementor-section elementor-top-section elementor-element elementor-element-c84644f elementor-section-boxed elementor-section-height-default elementor-section-height-default\" data-id=\"c84644f\" data-element_type=\"section\" data-e-type=\"section\">\n\t\t\t\t\t\t<div class=\"elementor-container elementor-column-gap-default\">\n\t\t\t\t\t<div class=\"elementor-column elementor-col-100 elementor-top-column elementor-element elementor-element-243e678\" data-id=\"243e678\" data-element_type=\"column\" data-e-type=\"column\">\n\t\t\t<div class=\"elementor-widget-wrap\">\n\t\t\t\t\t\t\t<\/div>\n\t\t<\/div>\n\t\t\t\t\t<\/div>\n\t\t<\/section>\n\t\t\t\t<section class=\"elementor-section elementor-top-section elementor-element elementor-element-f4bc1c7 elementor-section-boxed elementor-section-height-default elementor-section-height-default\" data-id=\"f4bc1c7\" data-element_type=\"section\" data-e-type=\"section\">\n\t\t\t\t\t\t<div class=\"elementor-container elementor-column-gap-extended\">\n\t\t\t\t\t<div class=\"elementor-column elementor-col-50 elementor-top-column elementor-element elementor-element-c598f7c\" data-id=\"c598f7c\" data-element_type=\"column\" data-e-type=\"column\">\n\t\t\t<div class=\"elementor-widget-wrap elementor-element-populated\">\n\t\t\t\t\t\t<div class=\"elementor-element elementor-element-34bcfa0 elementor-widget elementor-widget-text-editor\" data-id=\"34bcfa0\" data-element_type=\"widget\" data-e-type=\"widget\" data-widget_type=\"text-editor.default\">\n\t\t\t\t\t\t\t\t\t<p><b>ARCHIVOS<\/b><\/p><p>Necesitamos un archivo vectorial (AI o PDF), tambi\u00e9n PSD.<br \/>En el caso de impresi\u00f3n digital, los archivos deben estar en 300 dpi, con el tama\u00f1o de impresi\u00f3n real. Los formatos aceptados son PNG, PDF, AI, CDR, PSD o JPEG.<\/p><p>Puedes descargar nuestra plantilla en el enlace de descarga. Recuerda dejar suficiente margen (sangr\u00eda) para una buena impresi\u00f3n gr\u00e1fica.<\/p>\t\t\t\t\t\t\t\t<\/div>\n\t\t\t\t\t<\/div>\n\t\t<\/div>\n\t\t\t\t<div class=\"elementor-column elementor-col-50 elementor-top-column elementor-element elementor-element-01c40be\" data-id=\"01c40be\" data-element_type=\"column\" data-e-type=\"column\">\n\t\t\t<div class=\"elementor-widget-wrap elementor-element-populated\">\n\t\t\t\t\t\t<div class=\"elementor-element elementor-element-2947883 elementor-widget elementor-widget-text-editor\" data-id=\"2947883\" data-element_type=\"widget\" data-e-type=\"widget\" data-widget_type=\"text-editor.default\">\n\t\t\t\t\t\t\t\t\t<p style=\"text-align: center;\"><b>PLANTILLA PARA DESCARGA (PDF)<br \/><a href=\"https:\/\/msbdistribution.es\/wp-content\/uploads\/2020\/03\/TEMPLATE_SHORTDECK.pdf\" target=\"_blank\" rel=\"noopener\"><img fetchpriority=\"high\" decoding=\"async\" width=\"240\" height=\"300\" class=\"wp-image-1298 size-medium aligncenter\" src=\"https:\/\/msbdistribution.es\/wp-content\/uploads\/2020\/03\/template_shortdeck-240x300.jpg\" alt=\"\" srcset=\"https:\/\/www.msbdistribution.es\/wp-content\/uploads\/2020\/03\/template_shortdeck-240x300.jpg 240w, https:\/\/www.msbdistribution.es\/wp-content\/uploads\/2020\/03\/template_shortdeck-300x375.jpg 300w, https:\/\/www.msbdistribution.es\/wp-content\/uploads\/2020\/03\/template_shortdeck.jpg 400w\" sizes=\"(max-width: 240px) 100vw, 240px\" \/><\/a><\/b><\/p>\t\t\t\t\t\t\t\t<\/div>\n\t\t\t\t\t<\/div>\n\t\t<\/div>\n\t\t\t\t\t<\/div>\n\t\t<\/section>\n\t\t\t\t<section class=\"elementor-section elementor-top-section elementor-element elementor-element-b55ac62 elementor-section-boxed elementor-section-height-default elementor-section-height-default\" data-id=\"b55ac62\" data-element_type=\"section\" data-e-type=\"section\">\n\t\t\t\t\t\t<div class=\"elementor-container elementor-column-gap-default\">\n\t\t\t\t\t<div class=\"elementor-column elementor-col-100 elementor-top-column elementor-element elementor-element-4a648ca\" data-id=\"4a648ca\" data-element_type=\"column\" data-e-type=\"column\">\n\t\t\t<div class=\"elementor-widget-wrap elementor-element-populated\">\n\t\t\t\t\t\t\t<\/div>\n\t\t<\/div>\n\t\t\t\t\t<\/div>\n\t\t<\/section>\n\t\t\t\t<\/div>\n\t\t","protected":false},"excerpt":{"rendered":"<p>Opciones de impresi\u00f3n Transferencia de Calor en Skateboards La utilizaci\u00f3n de prensas de calor y presi\u00f3n para la estampaci\u00f3n de gr\u00e1ficos en las tablas de skate es una innovaci\u00f3n en la industria que ofrece rapidez y una amplia variedad de opciones en cuanto a colores y tipos de dise\u00f1o. Este m\u00e9todo avanzado utiliza gr\u00e1ficos impresos &#8230; <a title=\"Gr\u00e1ficos\" class=\"read-more\" href=\"https:\/\/www.msbdistribution.es\/?page_id=1273\" aria-label=\"Leer m\u00e1s sobre Gr\u00e1ficos\">Leer m\u00e1s<\/a><\/p>\n","protected":false},"author":3,"featured_media":0,"parent":0,"menu_order":0,"comment_status":"closed","ping_status":"closed","template":"","meta":{"footnotes":""},"class_list":["post-1273","page","type-page","status-publish"],"yoast_head":"<!-- This site is optimized with the Yoast SEO plugin v27.4 - https:\/\/yoast.com\/product\/yoast-seo-wordpress\/ -->\n<title>Gr\u00e1ficos de skate<\/title>\n<meta name=\"description\" content=\"Realizamos todo tipo de dise\u00f1os en diferentes colores y de manera variada. Desde un gr\u00e1fico en blanco y negro hasta una fotograf\u00eda en HD.\" \/>\n<meta name=\"robots\" content=\"index, follow, max-snippet:-1, max-image-preview:large, max-video-preview:-1\" \/>\n<link rel=\"canonical\" href=\"https:\/\/www.msbdistribution.es\/?page_id=1273\" \/>\n<meta property=\"og:locale\" content=\"es_ES\" \/>\n<meta property=\"og:type\" content=\"article\" \/>\n<meta property=\"og:title\" content=\"Gr\u00e1ficos de skate\" \/>\n<meta property=\"og:description\" content=\"Realizamos todo tipo de dise\u00f1os en diferentes colores y de manera variada. Desde un gr\u00e1fico en blanco y negro hasta una fotograf\u00eda en HD.\" \/>\n<meta property=\"og:url\" content=\"https:\/\/www.msbdistribution.es\/?page_id=1273\" \/>\n<meta property=\"og:site_name\" content=\"MSB DISTRIBUTION\" \/>\n<meta property=\"article:publisher\" content=\"https:\/\/www.facebook.com\/msbdist\" \/>\n<meta property=\"article:modified_time\" content=\"2025-03-10T08:41:50+00:00\" \/>\n<meta property=\"og:image\" content=\"https:\/\/www.msbdistribution.es\/wp-content\/uploads\/2023\/05\/Ordinador-2-scaled.jpg\" \/>\n<meta name=\"twitter:card\" content=\"summary_large_image\" \/>\n<meta name=\"twitter:label1\" content=\"Tiempo de lectura\" \/>\n\t<meta name=\"twitter:data1\" content=\"4 minutos\" \/>\n<script type=\"application\/ld+json\" class=\"yoast-schema-graph\">{\"@context\":\"https:\\\/\\\/schema.org\",\"@graph\":[{\"@type\":\"WebPage\",\"@id\":\"https:\\\/\\\/www.msbdistribution.es\\\/?page_id=1273\",\"url\":\"https:\\\/\\\/www.msbdistribution.es\\\/?page_id=1273\",\"name\":\"Gr\u00e1ficos de skate\",\"isPartOf\":{\"@id\":\"https:\\\/\\\/www.msbdistribution.es\\\/#website\"},\"primaryImageOfPage\":{\"@id\":\"https:\\\/\\\/www.msbdistribution.es\\\/?page_id=1273#primaryimage\"},\"image\":{\"@id\":\"https:\\\/\\\/www.msbdistribution.es\\\/?page_id=1273#primaryimage\"},\"thumbnailUrl\":\"https:\\\/\\\/www.msbdistribution.es\\\/wp-content\\\/uploads\\\/2023\\\/05\\\/Ordinador-2-scaled.jpg\",\"datePublished\":\"2020-03-29T16:47:11+00:00\",\"dateModified\":\"2025-03-10T08:41:50+00:00\",\"description\":\"Realizamos todo tipo de dise\u00f1os en diferentes colores y de manera variada. Desde un gr\u00e1fico en blanco y negro hasta una fotograf\u00eda en HD.\",\"breadcrumb\":{\"@id\":\"https:\\\/\\\/www.msbdistribution.es\\\/?page_id=1273#breadcrumb\"},\"inLanguage\":\"es\",\"potentialAction\":[{\"@type\":\"ReadAction\",\"target\":[\"https:\\\/\\\/www.msbdistribution.es\\\/?page_id=1273\"]}]},{\"@type\":\"ImageObject\",\"inLanguage\":\"es\",\"@id\":\"https:\\\/\\\/www.msbdistribution.es\\\/?page_id=1273#primaryimage\",\"url\":\"https:\\\/\\\/www.msbdistribution.es\\\/wp-content\\\/uploads\\\/2023\\\/05\\\/Ordinador-2-scaled.jpg\",\"contentUrl\":\"https:\\\/\\\/www.msbdistribution.es\\\/wp-content\\\/uploads\\\/2023\\\/05\\\/Ordinador-2-scaled.jpg\",\"width\":2560,\"height\":1707},{\"@type\":\"BreadcrumbList\",\"@id\":\"https:\\\/\\\/www.msbdistribution.es\\\/?page_id=1273#breadcrumb\",\"itemListElement\":[{\"@type\":\"ListItem\",\"position\":1,\"name\":\"Portada\",\"item\":\"https:\\\/\\\/www.msbdistribution.es\\\/\"},{\"@type\":\"ListItem\",\"position\":2,\"name\":\"Gr\u00e1ficos\"}]},{\"@type\":\"WebSite\",\"@id\":\"https:\\\/\\\/www.msbdistribution.es\\\/#website\",\"url\":\"https:\\\/\\\/www.msbdistribution.es\\\/\",\"name\":\"Msb Distribution\",\"description\":\"we are skaters\",\"publisher\":{\"@id\":\"https:\\\/\\\/www.msbdistribution.es\\\/#organization\"},\"potentialAction\":[{\"@type\":\"SearchAction\",\"target\":{\"@type\":\"EntryPoint\",\"urlTemplate\":\"https:\\\/\\\/www.msbdistribution.es\\\/?s={search_term_string}\"},\"query-input\":{\"@type\":\"PropertyValueSpecification\",\"valueRequired\":true,\"valueName\":\"search_term_string\"}}],\"inLanguage\":\"es\"},{\"@type\":\"Organization\",\"@id\":\"https:\\\/\\\/www.msbdistribution.es\\\/#organization\",\"name\":\"Msb Distribution\",\"alternateName\":\"Msb Distribution\",\"url\":\"https:\\\/\\\/www.msbdistribution.es\\\/\",\"logo\":{\"@type\":\"ImageObject\",\"inLanguage\":\"es\",\"@id\":\"https:\\\/\\\/www.msbdistribution.es\\\/#\\\/schema\\\/logo\\\/image\\\/\",\"url\":\"https:\\\/\\\/www.msbdistribution.es\\\/wp-content\\\/uploads\\\/2021\\\/11\\\/NEW-LOGO-MSB-RGB.png\",\"contentUrl\":\"https:\\\/\\\/www.msbdistribution.es\\\/wp-content\\\/uploads\\\/2021\\\/11\\\/NEW-LOGO-MSB-RGB.png\",\"width\":2024,\"height\":2024,\"caption\":\"Msb Distribution\"},\"image\":{\"@id\":\"https:\\\/\\\/www.msbdistribution.es\\\/#\\\/schema\\\/logo\\\/image\\\/\"},\"sameAs\":[\"https:\\\/\\\/www.facebook.com\\\/msbdist\",\"https:\\\/\\\/www.instagram.com\\\/msbdistribution\\\/\"]}]}<\/script>\n<!-- \/ Yoast SEO plugin. -->","yoast_head_json":{"title":"Gr\u00e1ficos de skate","description":"Realizamos todo tipo de dise\u00f1os en diferentes colores y de manera variada. Desde un gr\u00e1fico en blanco y negro hasta una fotograf\u00eda en HD.","robots":{"index":"index","follow":"follow","max-snippet":"max-snippet:-1","max-image-preview":"max-image-preview:large","max-video-preview":"max-video-preview:-1"},"canonical":"https:\/\/www.msbdistribution.es\/?page_id=1273","og_locale":"es_ES","og_type":"article","og_title":"Gr\u00e1ficos de skate","og_description":"Realizamos todo tipo de dise\u00f1os en diferentes colores y de manera variada. Desde un gr\u00e1fico en blanco y negro hasta una fotograf\u00eda en HD.","og_url":"https:\/\/www.msbdistribution.es\/?page_id=1273","og_site_name":"MSB DISTRIBUTION","article_publisher":"https:\/\/www.facebook.com\/msbdist","article_modified_time":"2025-03-10T08:41:50+00:00","og_image":[{"url":"https:\/\/www.msbdistribution.es\/wp-content\/uploads\/2023\/05\/Ordinador-2-scaled.jpg","type":"","width":"","height":""}],"twitter_card":"summary_large_image","twitter_misc":{"Tiempo de lectura":"4 minutos"},"schema":{"@context":"https:\/\/schema.org","@graph":[{"@type":"WebPage","@id":"https:\/\/www.msbdistribution.es\/?page_id=1273","url":"https:\/\/www.msbdistribution.es\/?page_id=1273","name":"Gr\u00e1ficos de skate","isPartOf":{"@id":"https:\/\/www.msbdistribution.es\/#website"},"primaryImageOfPage":{"@id":"https:\/\/www.msbdistribution.es\/?page_id=1273#primaryimage"},"image":{"@id":"https:\/\/www.msbdistribution.es\/?page_id=1273#primaryimage"},"thumbnailUrl":"https:\/\/www.msbdistribution.es\/wp-content\/uploads\/2023\/05\/Ordinador-2-scaled.jpg","datePublished":"2020-03-29T16:47:11+00:00","dateModified":"2025-03-10T08:41:50+00:00","description":"Realizamos todo tipo de dise\u00f1os en diferentes colores y de manera variada. Desde un gr\u00e1fico en blanco y negro hasta una fotograf\u00eda en HD.","breadcrumb":{"@id":"https:\/\/www.msbdistribution.es\/?page_id=1273#breadcrumb"},"inLanguage":"es","potentialAction":[{"@type":"ReadAction","target":["https:\/\/www.msbdistribution.es\/?page_id=1273"]}]},{"@type":"ImageObject","inLanguage":"es","@id":"https:\/\/www.msbdistribution.es\/?page_id=1273#primaryimage","url":"https:\/\/www.msbdistribution.es\/wp-content\/uploads\/2023\/05\/Ordinador-2-scaled.jpg","contentUrl":"https:\/\/www.msbdistribution.es\/wp-content\/uploads\/2023\/05\/Ordinador-2-scaled.jpg","width":2560,"height":1707},{"@type":"BreadcrumbList","@id":"https:\/\/www.msbdistribution.es\/?page_id=1273#breadcrumb","itemListElement":[{"@type":"ListItem","position":1,"name":"Portada","item":"https:\/\/www.msbdistribution.es\/"},{"@type":"ListItem","position":2,"name":"Gr\u00e1ficos"}]},{"@type":"WebSite","@id":"https:\/\/www.msbdistribution.es\/#website","url":"https:\/\/www.msbdistribution.es\/","name":"Msb Distribution","description":"we are skaters","publisher":{"@id":"https:\/\/www.msbdistribution.es\/#organization"},"potentialAction":[{"@type":"SearchAction","target":{"@type":"EntryPoint","urlTemplate":"https:\/\/www.msbdistribution.es\/?s={search_term_string}"},"query-input":{"@type":"PropertyValueSpecification","valueRequired":true,"valueName":"search_term_string"}}],"inLanguage":"es"},{"@type":"Organization","@id":"https:\/\/www.msbdistribution.es\/#organization","name":"Msb Distribution","alternateName":"Msb Distribution","url":"https:\/\/www.msbdistribution.es\/","logo":{"@type":"ImageObject","inLanguage":"es","@id":"https:\/\/www.msbdistribution.es\/#\/schema\/logo\/image\/","url":"https:\/\/www.msbdistribution.es\/wp-content\/uploads\/2021\/11\/NEW-LOGO-MSB-RGB.png","contentUrl":"https:\/\/www.msbdistribution.es\/wp-content\/uploads\/2021\/11\/NEW-LOGO-MSB-RGB.png","width":2024,"height":2024,"caption":"Msb Distribution"},"image":{"@id":"https:\/\/www.msbdistribution.es\/#\/schema\/logo\/image\/"},"sameAs":["https:\/\/www.facebook.com\/msbdist","https:\/\/www.instagram.com\/msbdistribution\/"]}]}},"_links":{"self":[{"href":"https:\/\/www.msbdistribution.es\/index.php?rest_route=\/wp\/v2\/pages\/1273","targetHints":{"allow":["GET"]}}],"collection":[{"href":"https:\/\/www.msbdistribution.es\/index.php?rest_route=\/wp\/v2\/pages"}],"about":[{"href":"https:\/\/www.msbdistribution.es\/index.php?rest_route=\/wp\/v2\/types\/page"}],"author":[{"embeddable":true,"href":"https:\/\/www.msbdistribution.es\/index.php?rest_route=\/wp\/v2\/users\/3"}],"replies":[{"embeddable":true,"href":"https:\/\/www.msbdistribution.es\/index.php?rest_route=%2Fwp%2Fv2%2Fcomments&post=1273"}],"version-history":[{"count":90,"href":"https:\/\/www.msbdistribution.es\/index.php?rest_route=\/wp\/v2\/pages\/1273\/revisions"}],"predecessor-version":[{"id":5500,"href":"https:\/\/www.msbdistribution.es\/index.php?rest_route=\/wp\/v2\/pages\/1273\/revisions\/5500"}],"wp:attachment":[{"href":"https:\/\/www.msbdistribution.es\/index.php?rest_route=%2Fwp%2Fv2%2Fmedia&parent=1273"}],"curies":[{"name":"wp","href":"https:\/\/api.w.org\/{rel}","templated":true}]}}